{"id":1072,"date":"2023-07-05T11:02:29","date_gmt":"2023-07-05T11:02:29","guid":{"rendered":"https:\/\/selekta.es\/contacto\/"},"modified":"2025-05-14T10:27:09","modified_gmt":"2025-05-14T10:27:09","slug":"contacto","status":"publish","type":"page","link":"https:\/\/selekta.es\/pt-pt\/contacto\/","title":{"rendered":"Contacto"},"content":{"rendered":"\t\t<div data-elementor-type=\"wp-page\" data-elementor-id=\"1072\" class=\"elementor elementor-1072 elementor-96\" data-elementor-post-type=\"page\">\n\t\t\t\t\t\t<section class=\"elementor-section elementor-top-section elementor-element elementor-element-2e61c9ae elementor-section-height-min-height elementor-section-items-stretch elementor-section-boxed elementor-section-height-default\" data-id=\"2e61c9ae\" data-element_type=\"section\" data-settings=\"{&quot;background_background&quot;:&quot;classic&quot;}\">\n\t\t\t\t\t\t<div class=\"elementor-container elementor-column-gap-no\">\n\t\t\t\t\t<div class=\"elementor-column elementor-col-100 elementor-top-column elementor-element elementor-element-6710f0b2\" data-id=\"6710f0b2\" data-element_type=\"column\">\n\t\t\t<div class=\"elementor-widget-wrap elementor-element-populated\">\n\t\t\t\t\t\t<div class=\"elementor-element elementor-element-b637ab8 elementor-align-center elementor-widget elementor-widget-breadcrumbs\" data-id=\"b637ab8\" data-element_type=\"widget\" data-widget_type=\"breadcrumbs.default\">\n\t\t\t\t\t<p id=\"breadcrumbs\"><span><span><a href=\"https:\/\/selekta.es\/pt-pt\/\">Portada<\/a><\/span><\/span><\/p>\t\t\t\t<\/div>\n\t\t\t\t<div class=\"elementor-element elementor-element-37e29372 elementor-widget elementor-widget-heading\" data-id=\"37e29372\" data-element_type=\"widget\" data-widget_type=\"heading.default\">\n\t\t\t\t\t<h1 class=\"elementor-heading-title elementor-size-default\">Contacto<\/h1>\t\t\t\t<\/div>\n\t\t\t\t<div class=\"elementor-element elementor-element-598b6005 elementor-widget-divider--view-line elementor-widget elementor-widget-divider\" data-id=\"598b6005\" data-element_type=\"widget\" data-widget_type=\"divider.default\">\n\t\t\t\t\t\t\t<div class=\"elementor-divider\">\n\t\t\t<span class=\"elementor-divider-separator\">\n\t\t\t\t\t\t<\/span>\n\t\t<\/div>\n\t\t\t\t\t\t<\/div>\n\t\t\t\t<div class=\"elementor-element elementor-element-571c9469 elementor-widget elementor-widget-heading\" data-id=\"571c9469\" data-element_type=\"widget\" data-widget_type=\"heading.default\">\n\t\t\t\t\t<h6 class=\"elementor-heading-title elementor-size-default\">Informa\u00e7\u00f5es de contacto<\/h6>\t\t\t\t<\/div>\n\t\t\t\t<div class=\"elementor-element elementor-element-c82597b elementor-align-center elementor-icon-list--layout-traditional elementor-list-item-link-full_width elementor-widget elementor-widget-icon-list\" data-id=\"c82597b\" data-element_type=\"widget\" data-widget_type=\"icon-list.default\">\n\t\t\t\t\t\t\t<ul class=\"elementor-icon-list-items\">\n\t\t\t\t\t\t\t<li class=\"elementor-icon-list-item\">\n\t\t\t\t\t\t\t\t\t\t\t<a href=\"tel:918316238\">\n\n\t\t\t\t\t\t\t\t\t\t\t<span class=\"elementor-icon-list-text\">918316238<\/span>\n\t\t\t\t\t\t\t\t\t\t\t<\/a>\n\t\t\t\t\t\t\t\t\t<\/li>\n\t\t\t\t\t\t\t\t<li class=\"elementor-icon-list-item\">\n\t\t\t\t\t\t\t\t\t\t\t<a href=\"mailto:contacto@selekta.es\">\n\n\t\t\t\t\t\t\t\t\t\t\t<span class=\"elementor-icon-list-text\">contacto@selekta.es<\/span>\n\t\t\t\t\t\t\t\t\t\t\t<\/a>\n\t\t\t\t\t\t\t\t\t<\/li>\n\t\t\t\t\t\t<\/ul>\n\t\t\t\t\t\t<\/div>\n\t\t\t\t\t<\/div>\n\t\t<\/div>\n\t\t\t\t\t<\/div>\n\t\t<\/section>\n\t\t\t\t<section class=\"elementor-section elementor-top-section elementor-element elementor-element-1d9d4d27 elementor-section-boxed elementor-section-height-default elementor-section-height-default\" data-id=\"1d9d4d27\" data-element_type=\"section\">\n\t\t\t\t\t\t<div class=\"elementor-container elementor-column-gap-no\">\n\t\t\t\t\t<div class=\"elementor-column elementor-col-100 elementor-top-column elementor-element elementor-element-47f5670e\" data-id=\"47f5670e\" data-element_type=\"column\">\n\t\t\t<div class=\"elementor-widget-wrap elementor-element-populated\">\n\t\t\t\t\t\t<div class=\"elementor-element elementor-element-e259959 elementor-widget elementor-widget-heading\" data-id=\"e259959\" data-element_type=\"widget\" data-widget_type=\"heading.default\">\n\t\t\t\t\t<h2 class=\"elementor-heading-title elementor-size-default\">Preencha este formul\u00e1rio para qualquer pergunta ou d\u00favida sobre produtos ou acess\u00f3rios:<\/h2>\t\t\t\t<\/div>\n\t\t\t\t<div class=\"elementor-element elementor-element-47da3839 elementor-button-align-center elementor-widget__width-initial elementor-widget elementor-widget-form\" data-id=\"47da3839\" data-element_type=\"widget\" data-settings=\"{&quot;step_next_label&quot;:&quot;Seguinte&quot;,&quot;step_previous_label&quot;:&quot;Anterior&quot;,&quot;button_width&quot;:&quot;100&quot;,&quot;step_type&quot;:&quot;number_text&quot;,&quot;step_icon_shape&quot;:&quot;circle&quot;}\" data-widget_type=\"form.default\">\n\t\t\t\t\t\t\t<form class=\"elementor-form\" method=\"post\" name=\"Formul\u00e1rio de contacto\">\n\t\t\t<input type=\"hidden\" name=\"post_id\" value=\"1072\"\/>\n\t\t\t<input type=\"hidden\" name=\"form_id\" value=\"47da3839\"\/>\n\t\t\t<input type=\"hidden\" name=\"referer_title\" value=\"Contacto - Selekta\" \/>\n\n\t\t\t\t\t\t\t<input type=\"hidden\" name=\"queried_id\" value=\"1072\"\/>\n\t\t\t\n\t\t\t<div class=\"elementor-form-fields-wrapper elementor-labels-\">\n\t\t\t\t\t\t\t\t<div class=\"elementor-field-type-text elementor-field-group elementor-column elementor-field-group-name elementor-col-50\">\n\t\t\t\t\t\t\t\t\t\t\t\t<label for=\"form-field-name\" class=\"elementor-field-label elementor-screen-only\">\n\t\t\t\t\t\t\t\tNome\t\t\t\t\t\t\t<\/label>\n\t\t\t\t\t\t\t\t\t\t\t\t\t\t<input size=\"1\" type=\"text\" name=\"form_fields[name]\" id=\"form-field-name\" class=\"elementor-field elementor-size-sm  elementor-field-textual\" placeholder=\"Nome\">\n\t\t\t\t\t\t\t\t\t\t\t<\/div>\n\t\t\t\t\t\t\t\t<div class=\"elementor-field-type-email elementor-field-group elementor-column elementor-field-group-email elementor-col-50 elementor-field-required\">\n\t\t\t\t\t\t\t\t\t\t\t\t<label for=\"form-field-email\" class=\"elementor-field-label elementor-screen-only\">\n\t\t\t\t\t\t\t\tCorreio eletr\u00f3nico\t\t\t\t\t\t\t<\/label>\n\t\t\t\t\t\t\t\t\t\t\t\t\t\t<input size=\"1\" type=\"email\" name=\"form_fields[email]\" id=\"form-field-email\" class=\"elementor-field elementor-size-sm  elementor-field-textual\" placeholder=\"Correio eletr\u00f3nico\" required=\"required\">\n\t\t\t\t\t\t\t\t\t\t\t<\/div>\n\t\t\t\t\t\t\t\t<div class=\"elementor-field-type-tel elementor-field-group elementor-column elementor-field-group-field_6c180a9 elementor-col-50 elementor-field-required\">\n\t\t\t\t\t\t\t\t\t\t\t\t<label for=\"form-field-field_6c180a9\" class=\"elementor-field-label elementor-screen-only\">\n\t\t\t\t\t\t\t\tTelefone\t\t\t\t\t\t\t<\/label>\n\t\t\t\t\t\t\t\t<input size=\"1\" type=\"tel\" name=\"form_fields[field_6c180a9]\" id=\"form-field-field_6c180a9\" class=\"elementor-field elementor-size-sm  elementor-field-textual\" placeholder=\"Telefone\" required=\"required\" pattern=\"[0-9()#&amp;+*-=.]+\" title=\"Only numbers and phone characters (#, -, *, etc) are accepted.\">\n\n\t\t\t\t\t\t<\/div>\n\t\t\t\t\t\t\t\t<div class=\"elementor-field-type-text elementor-field-group elementor-column elementor-field-group-field_b743cd7 elementor-col-50 elementor-field-required\">\n\t\t\t\t\t\t\t\t\t\t\t\t<label for=\"form-field-field_b743cd7\" class=\"elementor-field-label elementor-screen-only\">\n\t\t\t\t\t\t\t\tProduto\t\t\t\t\t\t\t<\/label>\n\t\t\t\t\t\t\t\t\t\t\t\t\t\t<input size=\"1\" type=\"text\" name=\"form_fields[field_b743cd7]\" id=\"form-field-field_b743cd7\" class=\"elementor-field elementor-size-sm  elementor-field-textual\" placeholder=\"Produto\" required=\"required\">\n\t\t\t\t\t\t\t\t\t\t\t<\/div>\n\t\t\t\t\t\t\t\t<div class=\"elementor-field-type-textarea elementor-field-group elementor-column elementor-field-group-message elementor-col-100\">\n\t\t\t\t\t\t\t\t\t\t\t\t<label for=\"form-field-message\" class=\"elementor-field-label elementor-screen-only\">\n\t\t\t\t\t\t\t\tMensagem\t\t\t\t\t\t\t<\/label>\n\t\t\t\t\t\t<textarea class=\"elementor-field-textual elementor-field  elementor-size-sm\" name=\"form_fields[message]\" id=\"form-field-message\" rows=\"4\" placeholder=\"Mensagem\"><\/textarea>\t\t\t\t<\/div>\n\t\t\t\t\t\t\t\t<div class=\"elementor-field-type-checkbox elementor-field-group elementor-column elementor-field-group-field_64b83e1 elementor-col-100\">\n\t\t\t\t\t\t\t\t\t\t\t\t<label for=\"form-field-field_64b83e1\" class=\"elementor-field-label elementor-screen-only\">\n\t\t\t\t\t\t\t\tPol\u00edtica\t\t\t\t\t\t\t<\/label>\n\t\t\t\t\t\t<div class=\"elementor-field-subgroup  \"><span class=\"elementor-field-option\"><input type=\"checkbox\" value=\"Aceito a &lt;span style=&quot;color:red;&quot;&gt; Pol\u00edtica de Privacidade*&lt;\/span&gt; &lt;a style=&quot;color:black;&quot; href=&quot;https:\/\/selekta.es\/pt-pt\/politica-de-privacidade-e-de-cookies-da-ue\/&quot;&gt;.&lt;\/a&gt;\" id=\"form-field-field_64b83e1-0\" name=\"form_fields[field_64b83e1]\"> <label for=\"form-field-field_64b83e1-0\">Aceito a <span style=\"color:red;\"> Pol\u00edtica de Privacidade*<\/span> <a style=\"color:black;\" href=\"https:\/\/selekta.es\/pt-pt\/politica-de-privacidade-e-de-cookies-da-ue\/\">.<\/a><\/label><\/span><\/div>\t\t\t\t<\/div>\n\t\t\t\t\t\t\t\t<div class=\"elementor-field-group elementor-column elementor-field-type-submit elementor-col-100 e-form__buttons\">\n\t\t\t\t\t<button class=\"elementor-button elementor-size-sm\" type=\"submit\">\n\t\t\t\t\t\t<span class=\"elementor-button-content-wrapper\">\n\t\t\t\t\t\t\t\t\t\t\t\t\t\t\t\t\t\t\t\t\t\t<span class=\"elementor-button-text\">Enviar<\/span>\n\t\t\t\t\t\t\t\t\t\t\t\t\t<\/span>\n\t\t\t\t\t<\/button>\n\t\t\t\t<\/div>\n\t\t\t<\/div>\n\t\t<\/form>\n\t\t\t\t\t\t<\/div>\n\t\t\t\t\t<\/div>\n\t\t<\/div>\n\t\t\t\t\t<\/div>\n\t\t<\/section>\n\t\t\t\t<section class=\"elementor-section elementor-top-section elementor-element elementor-element-e2b48ed elementor-section-full_width elementor-section-content-middle elementor-reverse-tablet elementor-reverse-mobile elementor-section-height-default elementor-section-height-default\" data-id=\"e2b48ed\" data-element_type=\"section\" data-settings=\"{&quot;background_background&quot;:&quot;classic&quot;,&quot;shape_divider_top&quot;:&quot;opacity-tilt&quot;}\">\n\t\t\t\t\t<div class=\"elementor-shape elementor-shape-top\" data-negative=\"false\">\n\t\t\t<svg xmlns=\"http:\/\/www.w3.org\/2000\/svg\" viewBox=\"0 0 2600 131.1\" preserveAspectRatio=\"none\">\n\t<path class=\"elementor-shape-fill\" d=\"M0 0L2600 0 2600 69.1 0 0z\"\/>\n\t<path class=\"elementor-shape-fill\" style=\"opacity:0.5\" d=\"M0 0L2600 0 2600 69.1 0 69.1z\"\/>\n\t<path class=\"elementor-shape-fill\" style=\"opacity:0.25\" d=\"M2600 0L0 0 0 130.1 2600 69.1z\"\/>\n<\/svg>\t\t<\/div>\n\t\t\t\t\t<div class=\"elementor-container elementor-column-gap-no\">\n\t\t\t\t\t<div class=\"elementor-column elementor-col-100 elementor-top-column elementor-element elementor-element-e4cc343\" data-id=\"e4cc343\" data-element_type=\"column\">\n\t\t\t<div class=\"elementor-widget-wrap elementor-element-populated\">\n\t\t\t\t\t\t<div class=\"elementor-element elementor-element-fab34ae elementor-widget elementor-widget-spacer\" data-id=\"fab34ae\" data-element_type=\"widget\" data-widget_type=\"spacer.default\">\n\t\t\t\t\t\t\t<div class=\"elementor-spacer\">\n\t\t\t<div class=\"elementor-spacer-inner\"><\/div>\n\t\t<\/div>\n\t\t\t\t\t\t<\/div>\n\t\t\t\t\t<\/div>\n\t\t<\/div>\n\t\t\t\t\t<\/div>\n\t\t<\/section>\n\t\t\t\t<\/div>\n\t\t","protected":false},"excerpt":{"rendered":"<p>Contacto Informa\u00e7\u00f5es de contacto 918316238 contacto@selekta.es Preencha este formul\u00e1rio para qualquer pergunta ou d\u00favida sobre produtos ou acess\u00f3rios:<\/p>\n","protected":false},"author":1,"featured_media":0,"parent":0,"menu_order":0,"comment_status":"closed","ping_status":"closed","template":"elementor_header_footer","meta":{"footnotes":""},"class_list":["post-1072","page","type-page","status-publish","hentry"],"yoast_head":"<!-- This site is optimized with the Yoast SEO plugin v25.1 - https:\/\/yoast.com\/wordpress\/plugins\/seo\/ -->\n<title>Contacto - Selekta<\/title>\n<meta name=\"description\" content=\"Selekta - Importador oficial da Olivia Garden Espanha e Portugal - Contacte-nos atrav\u00e9s do nosso formul\u00e1rio de contacto, para qualquer necessidade.\" \/>\n<meta name=\"robots\" content=\"index, follow, max-snippet:-1, max-image-preview:large, max-video-preview:-1\" \/>\n<link rel=\"canonical\" href=\"https:\/\/selekta.es\/pt-pt\/contacto\/\" \/>\n<meta property=\"og:locale\" content=\"pt_PT\" \/>\n<meta property=\"og:type\" content=\"article\" \/>\n<meta property=\"og:title\" content=\"Contacto - Selekta\" \/>\n<meta property=\"og:description\" content=\"Selekta - Importador oficial da Olivia Garden Espanha e Portugal - Contacte-nos atrav\u00e9s do nosso formul\u00e1rio de contacto, para qualquer necessidade.\" \/>\n<meta property=\"og:url\" content=\"https:\/\/selekta.es\/pt-pt\/contacto\/\" \/>\n<meta property=\"og:site_name\" content=\"Selekta\" \/>\n<meta property=\"article:publisher\" content=\"https:\/\/www.instagram.com\/selekta_hair_tools\/\" \/>\n<meta property=\"article:modified_time\" content=\"2025-05-14T10:27:09+00:00\" \/>\n<meta name=\"twitter:card\" content=\"summary_large_image\" \/>\n<script type=\"application\/ld+json\" class=\"yoast-schema-graph\">{\"@context\":\"https:\/\/schema.org\",\"@graph\":[{\"@type\":\"WebPage\",\"@id\":\"https:\/\/selekta.es\/pt-pt\/contacto\/\",\"url\":\"https:\/\/selekta.es\/pt-pt\/contacto\/\",\"name\":\"Contacto - Selekta\",\"isPartOf\":{\"@id\":\"https:\/\/selekta.es\/pt-pt\/#website\"},\"datePublished\":\"2023-07-05T11:02:29+00:00\",\"dateModified\":\"2025-05-14T10:27:09+00:00\",\"description\":\"Selekta - Importador oficial da Olivia Garden Espanha e Portugal - Contacte-nos atrav\u00e9s do nosso formul\u00e1rio de contacto, para qualquer necessidade.\",\"breadcrumb\":{\"@id\":\"https:\/\/selekta.es\/pt-pt\/contacto\/#breadcrumb\"},\"inLanguage\":\"pt-PT\",\"potentialAction\":[{\"@type\":\"ReadAction\",\"target\":[\"https:\/\/selekta.es\/pt-pt\/contacto\/\"]}]},{\"@type\":\"BreadcrumbList\",\"@id\":\"https:\/\/selekta.es\/pt-pt\/contacto\/#breadcrumb\",\"itemListElement\":[{\"@type\":\"ListItem\",\"position\":1,\"name\":\"Portada\",\"item\":\"https:\/\/selekta.es\/pt-pt\/\"},{\"@type\":\"ListItem\",\"position\":2,\"name\":\"Contacto\"}]},{\"@type\":\"WebSite\",\"@id\":\"https:\/\/selekta.es\/pt-pt\/#website\",\"url\":\"https:\/\/selekta.es\/pt-pt\/\",\"name\":\"Selekta\",\"description\":\"Selekta Hair Tools\",\"publisher\":{\"@id\":\"https:\/\/selekta.es\/pt-pt\/#organization\"},\"potentialAction\":[{\"@type\":\"SearchAction\",\"target\":{\"@type\":\"EntryPoint\",\"urlTemplate\":\"https:\/\/selekta.es\/pt-pt\/?s={search_term_string}\"},\"query-input\":{\"@type\":\"PropertyValueSpecification\",\"valueRequired\":true,\"valueName\":\"search_term_string\"}}],\"inLanguage\":\"pt-PT\"},{\"@type\":\"Organization\",\"@id\":\"https:\/\/selekta.es\/pt-pt\/#organization\",\"name\":\"Selekta\",\"url\":\"https:\/\/selekta.es\/pt-pt\/\",\"logo\":{\"@type\":\"ImageObject\",\"inLanguage\":\"pt-PT\",\"@id\":\"https:\/\/selekta.es\/pt-pt\/#\/schema\/logo\/image\/\",\"url\":\"https:\/\/selekta.es\/wp-content\/uploads\/2023\/07\/selekta_peluqueria_cosmetica_materiales_beleza_madrid-espana_logo-transparente-negro-alta.png\",\"contentUrl\":\"https:\/\/selekta.es\/wp-content\/uploads\/2023\/07\/selekta_peluqueria_cosmetica_materiales_beleza_madrid-espana_logo-transparente-negro-alta.png\",\"width\":1920,\"height\":275,\"caption\":\"Selekta\"},\"image\":{\"@id\":\"https:\/\/selekta.es\/pt-pt\/#\/schema\/logo\/image\/\"},\"sameAs\":[\"https:\/\/www.instagram.com\/selekta_hair_tools\/\",\"https:\/\/es.pinterest.com\/SelektaHairAndBeauty\/\"]}]}<\/script>\n<!-- \/ Yoast SEO plugin. -->","yoast_head_json":{"title":"Contacto - Selekta","description":"Selekta - Importador oficial da Olivia Garden Espanha e Portugal - Contacte-nos atrav\u00e9s do nosso formul\u00e1rio de contacto, para qualquer necessidade.","robots":{"index":"index","follow":"follow","max-snippet":"max-snippet:-1","max-image-preview":"max-image-preview:large","max-video-preview":"max-video-preview:-1"},"canonical":"https:\/\/selekta.es\/pt-pt\/contacto\/","og_locale":"pt_PT","og_type":"article","og_title":"Contacto - Selekta","og_description":"Selekta - Importador oficial da Olivia Garden Espanha e Portugal - Contacte-nos atrav\u00e9s do nosso formul\u00e1rio de contacto, para qualquer necessidade.","og_url":"https:\/\/selekta.es\/pt-pt\/contacto\/","og_site_name":"Selekta","article_publisher":"https:\/\/www.instagram.com\/selekta_hair_tools\/","article_modified_time":"2025-05-14T10:27:09+00:00","twitter_card":"summary_large_image","schema":{"@context":"https:\/\/schema.org","@graph":[{"@type":"WebPage","@id":"https:\/\/selekta.es\/pt-pt\/contacto\/","url":"https:\/\/selekta.es\/pt-pt\/contacto\/","name":"Contacto - Selekta","isPartOf":{"@id":"https:\/\/selekta.es\/pt-pt\/#website"},"datePublished":"2023-07-05T11:02:29+00:00","dateModified":"2025-05-14T10:27:09+00:00","description":"Selekta - Importador oficial da Olivia Garden Espanha e Portugal - Contacte-nos atrav\u00e9s do nosso formul\u00e1rio de contacto, para qualquer necessidade.","breadcrumb":{"@id":"https:\/\/selekta.es\/pt-pt\/contacto\/#breadcrumb"},"inLanguage":"pt-PT","potentialAction":[{"@type":"ReadAction","target":["https:\/\/selekta.es\/pt-pt\/contacto\/"]}]},{"@type":"BreadcrumbList","@id":"https:\/\/selekta.es\/pt-pt\/contacto\/#breadcrumb","itemListElement":[{"@type":"ListItem","position":1,"name":"Portada","item":"https:\/\/selekta.es\/pt-pt\/"},{"@type":"ListItem","position":2,"name":"Contacto"}]},{"@type":"WebSite","@id":"https:\/\/selekta.es\/pt-pt\/#website","url":"https:\/\/selekta.es\/pt-pt\/","name":"Selekta","description":"Selekta Hair Tools","publisher":{"@id":"https:\/\/selekta.es\/pt-pt\/#organization"},"potentialAction":[{"@type":"SearchAction","target":{"@type":"EntryPoint","urlTemplate":"https:\/\/selekta.es\/pt-pt\/?s={search_term_string}"},"query-input":{"@type":"PropertyValueSpecification","valueRequired":true,"valueName":"search_term_string"}}],"inLanguage":"pt-PT"},{"@type":"Organization","@id":"https:\/\/selekta.es\/pt-pt\/#organization","name":"Selekta","url":"https:\/\/selekta.es\/pt-pt\/","logo":{"@type":"ImageObject","inLanguage":"pt-PT","@id":"https:\/\/selekta.es\/pt-pt\/#\/schema\/logo\/image\/","url":"https:\/\/selekta.es\/wp-content\/uploads\/2023\/07\/selekta_peluqueria_cosmetica_materiales_beleza_madrid-espana_logo-transparente-negro-alta.png","contentUrl":"https:\/\/selekta.es\/wp-content\/uploads\/2023\/07\/selekta_peluqueria_cosmetica_materiales_beleza_madrid-espana_logo-transparente-negro-alta.png","width":1920,"height":275,"caption":"Selekta"},"image":{"@id":"https:\/\/selekta.es\/pt-pt\/#\/schema\/logo\/image\/"},"sameAs":["https:\/\/www.instagram.com\/selekta_hair_tools\/","https:\/\/es.pinterest.com\/SelektaHairAndBeauty\/"]}]}},"_links":{"self":[{"href":"https:\/\/selekta.es\/pt-pt\/wp-json\/wp\/v2\/pages\/1072","targetHints":{"allow":["GET"]}}],"collection":[{"href":"https:\/\/selekta.es\/pt-pt\/wp-json\/wp\/v2\/pages"}],"about":[{"href":"https:\/\/selekta.es\/pt-pt\/wp-json\/wp\/v2\/types\/page"}],"author":[{"embeddable":true,"href":"https:\/\/selekta.es\/pt-pt\/wp-json\/wp\/v2\/users\/1"}],"replies":[{"embeddable":true,"href":"https:\/\/selekta.es\/pt-pt\/wp-json\/wp\/v2\/comments?post=1072"}],"version-history":[{"count":5,"href":"https:\/\/selekta.es\/pt-pt\/wp-json\/wp\/v2\/pages\/1072\/revisions"}],"predecessor-version":[{"id":3143,"href":"https:\/\/selekta.es\/pt-pt\/wp-json\/wp\/v2\/pages\/1072\/revisions\/3143"}],"wp:attachment":[{"href":"https:\/\/selekta.es\/pt-pt\/wp-json\/wp\/v2\/media?parent=1072"}],"curies":[{"name":"wp","href":"https:\/\/api.w.org\/{rel}","templated":true}]}}