{"id":1074,"date":"2023-07-19T12:43:41","date_gmt":"2023-07-19T12:43:41","guid":{"rendered":"https:\/\/selekta.es\/politica-de-produtos\/"},"modified":"2023-08-02T12:47:55","modified_gmt":"2023-08-02T12:47:55","slug":"politica-de-produtos","status":"publish","type":"page","link":"https:\/\/selekta.es\/pt-pt\/politica-de-produtos\/","title":{"rendered":"Pol\u00edtica de produtos"},"content":{"rendered":"\t\t<div data-elementor-type=\"wp-page\" data-elementor-id=\"1074\" class=\"elementor elementor-1074 elementor-437\" data-elementor-post-type=\"page\">\n\t\t\t\t\t\t<section class=\"elementor-section elementor-top-section elementor-element elementor-element-66e7648 elementor-section-full_width elementor-section-height-min-height elementor-section-items-stretch elementor-section-content-middle elementor-reverse-tablet elementor-reverse-mobile elementor-section-height-default\" data-id=\"66e7648\" data-element_type=\"section\">\n\t\t\t\t\t\t<div class=\"elementor-container elementor-column-gap-no\">\n\t\t\t\t\t<div class=\"elementor-column elementor-col-100 elementor-top-column elementor-element elementor-element-ef4e462\" data-id=\"ef4e462\" data-element_type=\"column\">\n\t\t\t<div class=\"elementor-widget-wrap elementor-element-populated\">\n\t\t\t\t\t\t<div class=\"elementor-element elementor-element-ce4bf28 elementor-widget elementor-widget-heading\" data-id=\"ce4bf28\" data-element_type=\"widget\" data-widget_type=\"heading.default\">\n\t\t\t\t\t<h1 class=\"elementor-heading-title elementor-size-default\">Aseptik<\/h1>\t\t\t\t<\/div>\n\t\t\t\t<div class=\"elementor-element elementor-element-5bd2e4f elementor-widget elementor-widget-text-editor\" data-id=\"5bd2e4f\" data-element_type=\"widget\" data-widget_type=\"text-editor.default\">\n\t\t\t\t\t\t\t\t\t<p>Beleza, cosm\u00e9tica e cuidados pessoais<\/p>\n\t\t\t\t\t\t\t\t<\/div>\n\t\t\t\t<div class=\"elementor-element elementor-element-12160d8 elementor-align-left elementor-widget elementor-widget-breadcrumbs\" data-id=\"12160d8\" data-element_type=\"widget\" data-widget_type=\"breadcrumbs.default\">\n\t\t\t\t\t<p id=\"breadcrumbs\"><span><span><a href=\"https:\/\/selekta.es\/pt-pt\/\">Portada<\/a><\/span><\/span><\/p>\t\t\t\t<\/div>\n\t\t\t\t\t<\/div>\n\t\t<\/div>\n\t\t\t\t\t<\/div>\n\t\t<\/section>\n\t\t\t\t<section class=\"elementor-section elementor-top-section elementor-element elementor-element-1666fff elementor-section-full_width elementor-section-content-middle elementor-reverse-tablet elementor-reverse-mobile elementor-section-height-default elementor-section-height-default\" data-id=\"1666fff\" data-element_type=\"section\" data-settings=\"{&quot;background_background&quot;:&quot;classic&quot;,&quot;shape_divider_top&quot;:&quot;opacity-tilt&quot;}\">\n\t\t\t\t\t<div class=\"elementor-shape elementor-shape-top\" data-negative=\"false\">\n\t\t\t<svg xmlns=\"http:\/\/www.w3.org\/2000\/svg\" viewBox=\"0 0 2600 131.1\" preserveAspectRatio=\"none\">\n\t<path class=\"elementor-shape-fill\" d=\"M0 0L2600 0 2600 69.1 0 0z\"\/>\n\t<path class=\"elementor-shape-fill\" style=\"opacity:0.5\" d=\"M0 0L2600 0 2600 69.1 0 69.1z\"\/>\n\t<path class=\"elementor-shape-fill\" style=\"opacity:0.25\" d=\"M2600 0L0 0 0 130.1 2600 69.1z\"\/>\n<\/svg>\t\t<\/div>\n\t\t\t\t\t<div class=\"elementor-container elementor-column-gap-no\">\n\t\t\t\t\t<div class=\"elementor-column elementor-col-100 elementor-top-column elementor-element elementor-element-e426811\" data-id=\"e426811\" data-element_type=\"column\">\n\t\t\t<div class=\"elementor-widget-wrap elementor-element-populated\">\n\t\t\t\t\t\t<div class=\"elementor-element elementor-element-c3cc1e6 elementor-widget elementor-widget-spacer\" data-id=\"c3cc1e6\" data-element_type=\"widget\" data-widget_type=\"spacer.default\">\n\t\t\t\t\t\t\t<div class=\"elementor-spacer\">\n\t\t\t<div class=\"elementor-spacer-inner\"><\/div>\n\t\t<\/div>\n\t\t\t\t\t\t<\/div>\n\t\t\t\t\t<\/div>\n\t\t<\/div>\n\t\t\t\t\t<\/div>\n\t\t<\/section>\n\t\t\t\t<section class=\"elementor-section elementor-top-section elementor-element elementor-element-a277b19 elementor-section-full_width elementor-section-content-middle elementor-reverse-tablet elementor-reverse-mobile elementor-section-height-default elementor-section-height-default\" data-id=\"a277b19\" data-element_type=\"section\" data-settings=\"{&quot;background_background&quot;:&quot;classic&quot;}\">\n\t\t\t\t\t\t<div class=\"elementor-container elementor-column-gap-custom\">\n\t\t\t\t\t<div class=\"elementor-column elementor-col-100 elementor-top-column elementor-element elementor-element-6209b18\" data-id=\"6209b18\" data-element_type=\"column\">\n\t\t\t<div class=\"elementor-widget-wrap elementor-element-populated\">\n\t\t\t\t\t\t<div class=\"elementor-element elementor-element-e5afe2e elementor-flip-box--effect-slide elementor-flip-box--direction-right elementor-widget elementor-widget-flip-box\" data-id=\"e5afe2e\" data-element_type=\"widget\" data-widget_type=\"flip-box.default\">\n\t\t\t\t\t\t\t<div class=\"elementor-flip-box\" tabindex=\"0\">\n\t\t\t<div class=\"elementor-flip-box__layer elementor-flip-box__front\">\n\t\t\t\t<div class=\"elementor-flip-box__layer__overlay\">\n\t\t\t\t\t<div class=\"elementor-flip-box__layer__inner\">\n\t\t\t\t\t\t\t\t\t\t\t\t\t<div class=\"elementor-flip-box__image\">\n\t\t\t\t\t\t\t\t<img decoding=\"async\" src=\"https:\/\/selekta.es\/wp-content\/uploads\/2023\/07\/selekta_peluqueria_cosmetica_materiales_beleza_madrid-espana_banner-aseptik-tools-bolsa-biocompostable.png\" title=\"selekta_peluqueria_cosmetica_materiales_beleza_madrid-espana_banner-aseptik-tools-bolsa-biocompostable\" alt=\"selekta_peluqueria_cosmetica_materiales_beleza_madrid-espana_banner-aseptik-tools-bolsa-biocompostable\" loading=\"lazy\" \/>\t\t\t\t\t\t\t<\/div>\n\t\t\t\t\t\t\n\t\t\t\t\t\t\t\t\t\t\t\t\t<h3 class=\"elementor-flip-box__layer__title\">\n\t\t\t\t\t\t\t\tAseptik\t\t\t\t\t\t\t<\/h3>\n\t\t\t\t\t\t\n\t\t\t\t\t\t\t\t\t\t\t\t\t<div class=\"elementor-flip-box__layer__description\">\n\t\t\t\t\t\t\t\tM\u00c9TODO DAS FERRAMENTAS ASEPTIK<br>\nFa\u00e7a com que os seus clientes se sintam seguros<br>\n\nPor apenas 20 c\u00eantimos\/servi\u00e7o<br>\n\nSistema biodegrad\u00e1vel para a higiene dos utens\u00edlios de cabeleireiro profissional\t\t\t\t\t\t\t<\/div>\n\t\t\t\t\t\t\t\t\t\t\t<\/div>\n\t\t\t\t<\/div>\n\t\t\t<\/div>\n\t\t\t<div class=\"elementor-flip-box__layer elementor-flip-box__back\">\n\t\t\t<div class=\"elementor-flip-box__layer__overlay\">\n\t\t\t\t<div class=\"elementor-flip-box__layer__inner\">\n\t\t\t\t\t\t\t\t\t\t\t<h3 class=\"elementor-flip-box__layer__title\">\n\t\t\t\t\t\t\tAseptik\t\t\t\t\t\t<\/h3>\n\t\t\t\t\t\n\t\t\t\t\t\t\t\t\t\t\t<div class=\"elementor-flip-box__layer__description\">\n\t\t\t\t\t\t\tMais informa\u00e7\u00f5es e caracter\u00edsticas do produto  \t\t\t\t\t\t<\/div>\n\t\t\t\t\t\n\t\t\t\t\t\t\t\t\t\t\t<a class=\"elementor-flip-box__button elementor-button elementor-size-sm\" href=\"http:\/\/aseptiktools.com\/\">\n\t\t\t\t\t\t\tClique aqui\t\t\t\t\t\t<\/a>\n\t\t\t\t\t\t\t\t<\/div>\n\t\t<\/div>\n\t\t<\/div>\n\t\t<\/div>\n\t\t\t\t\t\t<\/div>\n\t\t\t\t\t<\/div>\n\t\t<\/div>\n\t\t\t\t\t<\/div>\n\t\t<\/section>\n\t\t\t\t<section class=\"elementor-section elementor-top-section elementor-element elementor-element-76fc131 elementor-section-full_width elementor-section-content-middle elementor-reverse-tablet elementor-reverse-mobile elementor-section-height-default elementor-section-height-default\" data-id=\"76fc131\" data-element_type=\"section\" data-settings=\"{&quot;background_background&quot;:&quot;classic&quot;,&quot;shape_divider_top&quot;:&quot;opacity-tilt&quot;}\">\n\t\t\t\t\t<div class=\"elementor-shape elementor-shape-top\" data-negative=\"false\">\n\t\t\t<svg xmlns=\"http:\/\/www.w3.org\/2000\/svg\" viewBox=\"0 0 2600 131.1\" preserveAspectRatio=\"none\">\n\t<path class=\"elementor-shape-fill\" d=\"M0 0L2600 0 2600 69.1 0 0z\"\/>\n\t<path class=\"elementor-shape-fill\" style=\"opacity:0.5\" d=\"M0 0L2600 0 2600 69.1 0 69.1z\"\/>\n\t<path class=\"elementor-shape-fill\" style=\"opacity:0.25\" d=\"M2600 0L0 0 0 130.1 2600 69.1z\"\/>\n<\/svg>\t\t<\/div>\n\t\t\t\t\t<div class=\"elementor-container elementor-column-gap-no\">\n\t\t\t\t\t<div class=\"elementor-column elementor-col-100 elementor-top-column elementor-element elementor-element-90d5a22\" data-id=\"90d5a22\" data-element_type=\"column\">\n\t\t\t<div class=\"elementor-widget-wrap elementor-element-populated\">\n\t\t\t\t\t\t<div class=\"elementor-element elementor-element-1ec1f9f elementor-widget elementor-widget-spacer\" data-id=\"1ec1f9f\" data-element_type=\"widget\" data-widget_type=\"spacer.default\">\n\t\t\t\t\t\t\t<div class=\"elementor-spacer\">\n\t\t\t<div class=\"elementor-spacer-inner\"><\/div>\n\t\t<\/div>\n\t\t\t\t\t\t<\/div>\n\t\t\t\t\t<\/div>\n\t\t<\/div>\n\t\t\t\t\t<\/div>\n\t\t<\/section>\n\t\t\t\t<\/div>\n\t\t","protected":false},"excerpt":{"rendered":"<p>Aseptik Beleza, cosm\u00e9tica e cuidados pessoais Aseptik M\u00c9TODO DAS FERRAMENTAS ASEPTIK Fa\u00e7a com que os seus clientes se sintam seguros Por apenas 20 c\u00eantimos\/servi\u00e7o Sistema biodegrad\u00e1vel para a higiene dos utens\u00edlios de cabeleireiro profissional Aseptik Mais informa\u00e7\u00f5es e caracter\u00edsticas do produto Clique aqui<\/p>\n","protected":false},"author":1,"featured_media":0,"parent":0,"menu_order":0,"comment_status":"closed","ping_status":"closed","template":"elementor_header_footer","meta":{"footnotes":""},"class_list":["post-1074","page","type-page","status-publish","hentry"],"yoast_head":"<!-- This site is optimized with the Yoast SEO plugin v25.1 - https:\/\/yoast.com\/wordpress\/plugins\/seo\/ -->\n<title>Pol\u00edtica de produtos - Selekta<\/title>\n<meta name=\"description\" content=\"Selekta - Importador oficial de Olivia Garden Espanha e Portugal - Conhe\u00e7a o nosso produto Aseptik e todas as suas vantagens.\" \/>\n<meta name=\"robots\" content=\"index, follow, max-snippet:-1, max-image-preview:large, max-video-preview:-1\" \/>\n<link rel=\"canonical\" href=\"https:\/\/selekta.es\/pt-pt\/politica-de-produtos\/\" \/>\n<meta property=\"og:locale\" content=\"pt_PT\" \/>\n<meta property=\"og:type\" content=\"article\" \/>\n<meta property=\"og:title\" content=\"Pol\u00edtica de produtos - Selekta\" \/>\n<meta property=\"og:description\" content=\"Selekta - Importador oficial de Olivia Garden Espanha e Portugal - Conhe\u00e7a o nosso produto Aseptik e todas as suas vantagens.\" \/>\n<meta property=\"og:url\" content=\"https:\/\/selekta.es\/pt-pt\/politica-de-produtos\/\" \/>\n<meta property=\"og:site_name\" content=\"Selekta\" \/>\n<meta property=\"article:publisher\" content=\"https:\/\/www.instagram.com\/selekta_hair_tools\/\" \/>\n<meta property=\"article:modified_time\" content=\"2023-08-02T12:47:55+00:00\" \/>\n<meta property=\"og:image\" content=\"https:\/\/selekta.es\/wp-content\/uploads\/2023\/07\/selekta_peluqueria_cosmetica_materiales_beleza_madrid-espana_banner-aseptik-tools-bolsa-biocompostable.png\" \/>\n<meta name=\"twitter:card\" content=\"summary_large_image\" \/>\n<script type=\"application\/ld+json\" class=\"yoast-schema-graph\">{\"@context\":\"https:\/\/schema.org\",\"@graph\":[{\"@type\":\"WebPage\",\"@id\":\"https:\/\/selekta.es\/pt-pt\/politica-de-produtos\/\",\"url\":\"https:\/\/selekta.es\/pt-pt\/politica-de-produtos\/\",\"name\":\"Pol\u00edtica de produtos - Selekta\",\"isPartOf\":{\"@id\":\"https:\/\/selekta.es\/pt-pt\/#website\"},\"primaryImageOfPage\":{\"@id\":\"https:\/\/selekta.es\/pt-pt\/politica-de-produtos\/#primaryimage\"},\"image\":{\"@id\":\"https:\/\/selekta.es\/pt-pt\/politica-de-produtos\/#primaryimage\"},\"thumbnailUrl\":\"https:\/\/selekta.es\/wp-content\/uploads\/2023\/07\/selekta_peluqueria_cosmetica_materiales_beleza_madrid-espana_banner-aseptik-tools-bolsa-biocompostable.png\",\"datePublished\":\"2023-07-19T12:43:41+00:00\",\"dateModified\":\"2023-08-02T12:47:55+00:00\",\"description\":\"Selekta - Importador oficial de Olivia Garden Espanha e Portugal - Conhe\u00e7a o nosso produto Aseptik e todas as suas vantagens.\",\"breadcrumb\":{\"@id\":\"https:\/\/selekta.es\/pt-pt\/politica-de-produtos\/#breadcrumb\"},\"inLanguage\":\"pt-PT\",\"potentialAction\":[{\"@type\":\"ReadAction\",\"target\":[\"https:\/\/selekta.es\/pt-pt\/politica-de-produtos\/\"]}]},{\"@type\":\"ImageObject\",\"inLanguage\":\"pt-PT\",\"@id\":\"https:\/\/selekta.es\/pt-pt\/politica-de-produtos\/#primaryimage\",\"url\":\"https:\/\/selekta.es\/wp-content\/uploads\/2023\/07\/selekta_peluqueria_cosmetica_materiales_beleza_madrid-espana_banner-aseptik-tools-bolsa-biocompostable.png\",\"contentUrl\":\"https:\/\/selekta.es\/wp-content\/uploads\/2023\/07\/selekta_peluqueria_cosmetica_materiales_beleza_madrid-espana_banner-aseptik-tools-bolsa-biocompostable.png\"},{\"@type\":\"BreadcrumbList\",\"@id\":\"https:\/\/selekta.es\/pt-pt\/politica-de-produtos\/#breadcrumb\",\"itemListElement\":[{\"@type\":\"ListItem\",\"position\":1,\"name\":\"Portada\",\"item\":\"https:\/\/selekta.es\/pt-pt\/\"},{\"@type\":\"ListItem\",\"position\":2,\"name\":\"Pol\u00edtica de produtos\"}]},{\"@type\":\"WebSite\",\"@id\":\"https:\/\/selekta.es\/pt-pt\/#website\",\"url\":\"https:\/\/selekta.es\/pt-pt\/\",\"name\":\"Selekta\",\"description\":\"Selekta Hair Tools\",\"publisher\":{\"@id\":\"https:\/\/selekta.es\/pt-pt\/#organization\"},\"potentialAction\":[{\"@type\":\"SearchAction\",\"target\":{\"@type\":\"EntryPoint\",\"urlTemplate\":\"https:\/\/selekta.es\/pt-pt\/?s={search_term_string}\"},\"query-input\":{\"@type\":\"PropertyValueSpecification\",\"valueRequired\":true,\"valueName\":\"search_term_string\"}}],\"inLanguage\":\"pt-PT\"},{\"@type\":\"Organization\",\"@id\":\"https:\/\/selekta.es\/pt-pt\/#organization\",\"name\":\"Selekta\",\"url\":\"https:\/\/selekta.es\/pt-pt\/\",\"logo\":{\"@type\":\"ImageObject\",\"inLanguage\":\"pt-PT\",\"@id\":\"https:\/\/selekta.es\/pt-pt\/#\/schema\/logo\/image\/\",\"url\":\"https:\/\/selekta.es\/wp-content\/uploads\/2023\/07\/selekta_peluqueria_cosmetica_materiales_beleza_madrid-espana_logo-transparente-negro-alta.png\",\"contentUrl\":\"https:\/\/selekta.es\/wp-content\/uploads\/2023\/07\/selekta_peluqueria_cosmetica_materiales_beleza_madrid-espana_logo-transparente-negro-alta.png\",\"width\":1920,\"height\":275,\"caption\":\"Selekta\"},\"image\":{\"@id\":\"https:\/\/selekta.es\/pt-pt\/#\/schema\/logo\/image\/\"},\"sameAs\":[\"https:\/\/www.instagram.com\/selekta_hair_tools\/\",\"https:\/\/es.pinterest.com\/SelektaHairAndBeauty\/\"]}]}<\/script>\n<!-- \/ Yoast SEO plugin. -->","yoast_head_json":{"title":"Pol\u00edtica de produtos - Selekta","description":"Selekta - Importador oficial de Olivia Garden Espanha e Portugal - Conhe\u00e7a o nosso produto Aseptik e todas as suas vantagens.","robots":{"index":"index","follow":"follow","max-snippet":"max-snippet:-1","max-image-preview":"max-image-preview:large","max-video-preview":"max-video-preview:-1"},"canonical":"https:\/\/selekta.es\/pt-pt\/politica-de-produtos\/","og_locale":"pt_PT","og_type":"article","og_title":"Pol\u00edtica de produtos - Selekta","og_description":"Selekta - Importador oficial de Olivia Garden Espanha e Portugal - Conhe\u00e7a o nosso produto Aseptik e todas as suas vantagens.","og_url":"https:\/\/selekta.es\/pt-pt\/politica-de-produtos\/","og_site_name":"Selekta","article_publisher":"https:\/\/www.instagram.com\/selekta_hair_tools\/","article_modified_time":"2023-08-02T12:47:55+00:00","og_image":[{"url":"https:\/\/selekta.es\/wp-content\/uploads\/2023\/07\/selekta_peluqueria_cosmetica_materiales_beleza_madrid-espana_banner-aseptik-tools-bolsa-biocompostable.png","type":"","width":"","height":""}],"twitter_card":"summary_large_image","schema":{"@context":"https:\/\/schema.org","@graph":[{"@type":"WebPage","@id":"https:\/\/selekta.es\/pt-pt\/politica-de-produtos\/","url":"https:\/\/selekta.es\/pt-pt\/politica-de-produtos\/","name":"Pol\u00edtica de produtos - Selekta","isPartOf":{"@id":"https:\/\/selekta.es\/pt-pt\/#website"},"primaryImageOfPage":{"@id":"https:\/\/selekta.es\/pt-pt\/politica-de-produtos\/#primaryimage"},"image":{"@id":"https:\/\/selekta.es\/pt-pt\/politica-de-produtos\/#primaryimage"},"thumbnailUrl":"https:\/\/selekta.es\/wp-content\/uploads\/2023\/07\/selekta_peluqueria_cosmetica_materiales_beleza_madrid-espana_banner-aseptik-tools-bolsa-biocompostable.png","datePublished":"2023-07-19T12:43:41+00:00","dateModified":"2023-08-02T12:47:55+00:00","description":"Selekta - Importador oficial de Olivia Garden Espanha e Portugal - Conhe\u00e7a o nosso produto Aseptik e todas as suas vantagens.","breadcrumb":{"@id":"https:\/\/selekta.es\/pt-pt\/politica-de-produtos\/#breadcrumb"},"inLanguage":"pt-PT","potentialAction":[{"@type":"ReadAction","target":["https:\/\/selekta.es\/pt-pt\/politica-de-produtos\/"]}]},{"@type":"ImageObject","inLanguage":"pt-PT","@id":"https:\/\/selekta.es\/pt-pt\/politica-de-produtos\/#primaryimage","url":"https:\/\/selekta.es\/wp-content\/uploads\/2023\/07\/selekta_peluqueria_cosmetica_materiales_beleza_madrid-espana_banner-aseptik-tools-bolsa-biocompostable.png","contentUrl":"https:\/\/selekta.es\/wp-content\/uploads\/2023\/07\/selekta_peluqueria_cosmetica_materiales_beleza_madrid-espana_banner-aseptik-tools-bolsa-biocompostable.png"},{"@type":"BreadcrumbList","@id":"https:\/\/selekta.es\/pt-pt\/politica-de-produtos\/#breadcrumb","itemListElement":[{"@type":"ListItem","position":1,"name":"Portada","item":"https:\/\/selekta.es\/pt-pt\/"},{"@type":"ListItem","position":2,"name":"Pol\u00edtica de produtos"}]},{"@type":"WebSite","@id":"https:\/\/selekta.es\/pt-pt\/#website","url":"https:\/\/selekta.es\/pt-pt\/","name":"Selekta","description":"Selekta Hair Tools","publisher":{"@id":"https:\/\/selekta.es\/pt-pt\/#organization"},"potentialAction":[{"@type":"SearchAction","target":{"@type":"EntryPoint","urlTemplate":"https:\/\/selekta.es\/pt-pt\/?s={search_term_string}"},"query-input":{"@type":"PropertyValueSpecification","valueRequired":true,"valueName":"search_term_string"}}],"inLanguage":"pt-PT"},{"@type":"Organization","@id":"https:\/\/selekta.es\/pt-pt\/#organization","name":"Selekta","url":"https:\/\/selekta.es\/pt-pt\/","logo":{"@type":"ImageObject","inLanguage":"pt-PT","@id":"https:\/\/selekta.es\/pt-pt\/#\/schema\/logo\/image\/","url":"https:\/\/selekta.es\/wp-content\/uploads\/2023\/07\/selekta_peluqueria_cosmetica_materiales_beleza_madrid-espana_logo-transparente-negro-alta.png","contentUrl":"https:\/\/selekta.es\/wp-content\/uploads\/2023\/07\/selekta_peluqueria_cosmetica_materiales_beleza_madrid-espana_logo-transparente-negro-alta.png","width":1920,"height":275,"caption":"Selekta"},"image":{"@id":"https:\/\/selekta.es\/pt-pt\/#\/schema\/logo\/image\/"},"sameAs":["https:\/\/www.instagram.com\/selekta_hair_tools\/","https:\/\/es.pinterest.com\/SelektaHairAndBeauty\/"]}]}},"_links":{"self":[{"href":"https:\/\/selekta.es\/pt-pt\/wp-json\/wp\/v2\/pages\/1074","targetHints":{"allow":["GET"]}}],"collection":[{"href":"https:\/\/selekta.es\/pt-pt\/wp-json\/wp\/v2\/pages"}],"about":[{"href":"https:\/\/selekta.es\/pt-pt\/wp-json\/wp\/v2\/types\/page"}],"author":[{"embeddable":true,"href":"https:\/\/selekta.es\/pt-pt\/wp-json\/wp\/v2\/users\/1"}],"replies":[{"embeddable":true,"href":"https:\/\/selekta.es\/pt-pt\/wp-json\/wp\/v2\/comments?post=1074"}],"version-history":[{"count":3,"href":"https:\/\/selekta.es\/pt-pt\/wp-json\/wp\/v2\/pages\/1074\/revisions"}],"predecessor-version":[{"id":1099,"href":"https:\/\/selekta.es\/pt-pt\/wp-json\/wp\/v2\/pages\/1074\/revisions\/1099"}],"wp:attachment":[{"href":"https:\/\/selekta.es\/pt-pt\/wp-json\/wp\/v2\/media?parent=1074"}],"curies":[{"name":"wp","href":"https:\/\/api.w.org\/{rel}","templated":true}]}}