{"id":1075,"date":"2023-07-20T12:42:42","date_gmt":"2023-07-20T12:42:42","guid":{"rendered":"https:\/\/selekta.es\/pincel-rapido-expert-shine\/"},"modified":"2025-05-14T10:27:11","modified_gmt":"2025-05-14T10:27:11","slug":"pincel-rapido-expert-shine","status":"publish","type":"page","link":"https:\/\/selekta.es\/pt-pt\/pincel-rapido-expert-shine\/","title":{"rendered":"Velocidade de brilho dos peritos"},"content":{"rendered":"\t\t<div data-elementor-type=\"wp-page\" data-elementor-id=\"1075\" class=\"elementor elementor-1075 elementor-502\" data-elementor-post-type=\"page\">\n\t\t\t\t\t\t<section class=\"elementor-section elementor-top-section elementor-element elementor-element-66e7648 elementor-section-full_width elementor-section-height-min-height elementor-section-items-stretch elementor-section-content-middle elementor-reverse-tablet elementor-reverse-mobile elementor-section-height-default\" data-id=\"66e7648\" data-element_type=\"section\">\n\t\t\t\t\t\t<div class=\"elementor-container elementor-column-gap-no\">\n\t\t\t\t\t<div class=\"elementor-column elementor-col-100 elementor-top-column elementor-element elementor-element-ef4e462\" data-id=\"ef4e462\" data-element_type=\"column\">\n\t\t\t<div class=\"elementor-widget-wrap elementor-element-populated\">\n\t\t\t\t\t\t<div class=\"elementor-element elementor-element-ce4bf28 elementor-widget elementor-widget-heading\" data-id=\"ce4bf28\" data-element_type=\"widget\" data-widget_type=\"heading.default\">\n\t\t\t\t\t<h1 class=\"elementor-heading-title elementor-size-default\">Velocidade<\/h1>\t\t\t\t<\/div>\n\t\t\t\t<div class=\"elementor-element elementor-element-5bd2e4f elementor-widget elementor-widget-text-editor\" data-id=\"5bd2e4f\" data-element_type=\"widget\" data-widget_type=\"text-editor.default\">\n\t\t\t\t\t\t\t\t\t<p>Beleza, cosm\u00e9tica e cuidados pessoais<\/p>\t\t\t\t\t\t\t\t<\/div>\n\t\t\t\t<div class=\"elementor-element elementor-element-d35a007 elementor-align-left elementor-widget elementor-widget-breadcrumbs\" data-id=\"d35a007\" data-element_type=\"widget\" data-widget_type=\"breadcrumbs.default\">\n\t\t\t\t\t<p id=\"breadcrumbs\"><span><span><a href=\"https:\/\/selekta.es\/pt-pt\/\">Portada<\/a><\/span><\/span><\/p>\t\t\t\t<\/div>\n\t\t\t\t\t<\/div>\n\t\t<\/div>\n\t\t\t\t\t<\/div>\n\t\t<\/section>\n\t\t\t\t<section class=\"elementor-section elementor-top-section elementor-element elementor-element-42e81ea2 elementor-section-full_width elementor-section-height-default elementor-section-height-default\" data-id=\"42e81ea2\" data-element_type=\"section\">\n\t\t\t\t\t\t<div class=\"elementor-container elementor-column-gap-no\">\n\t\t\t\t\t<div class=\"elementor-column elementor-col-100 elementor-top-column elementor-element elementor-element-8044e43\" data-id=\"8044e43\" data-element_type=\"column\">\n\t\t\t<div class=\"elementor-widget-wrap elementor-element-populated\">\n\t\t\t\t\t\t<div class=\"elementor-element elementor-element-7731c60b elementor-cta--layout-image-left elementor-cta--valign-middle elementor-cta--mobile-layout-image-above elementor-cta--skin-classic elementor-animated-content elementor-bg-transform elementor-bg-transform-zoom-in elementor-widget elementor-widget-call-to-action\" data-id=\"7731c60b\" data-element_type=\"widget\" id=\"service_2\" data-widget_type=\"call-to-action.default\">\n\t\t\t\t\t\t\t<div class=\"elementor-cta\">\n\t\t\t\t\t<div class=\"elementor-cta__bg-wrapper\">\n\t\t\t\t<div class=\"elementor-cta__bg elementor-bg\" style=\"background-image: url(https:\/\/selekta.es\/wp-content\/uploads\/2024\/06\/Captura-de-pantalla-26.png);\" role=\"img\" aria-label=\"Captura de pantalla (26)\"><\/div>\n\t\t\t\t<div class=\"elementor-cta__bg-overlay\"><\/div>\n\t\t\t<\/div>\n\t\t\t\t\t\t\t<div class=\"elementor-cta__content\">\n\t\t\t\t\n\t\t\t\t\t\t\t\t\t<h4 class=\"elementor-cta__title elementor-cta__content-item elementor-content-item\">\n\t\t\t\t\t\t<br>ESCOVA DE VELOCIDADE\t\t\t\t\t<\/h4>\n\t\t\t\t\n\t\t\t\t\t\t\t\t\t<div class=\"elementor-cta__description elementor-cta__content-item elementor-content-item\">\n\t\t\t\t\t\t<b>ESCOVA EXPERT SPEED CERDAS ONDULADAS<\/b><br><br><b>Tubo revestido a cer\u00e2mica:<\/b><br><br>2,5 cm mais comprida, permitindo uma escovagem 25% mais r\u00e1pida.\nPenteia mais depressa e melhor, distribuindo o calor uniformemente.<br>Aquece mais depressa e ret\u00e9m o calor durante mais tempo.<br><span style=\"white-space-collapse: collapse;\">N\u00edvel superior de acabamento e maior dura\u00e7\u00e3o do penteado.<\/span><br><br><b>Porcas carregadas de i\u00f5es:<\/b><br><br><span style=\"white-space-collapse: collapse;\">Sela eficazmente a cut\u00edcula, proporcionando brilho.<\/span><br><span style=\"white-space-collapse: collapse;\">Elimina o frisado e o cabelo solto. N\u00e3o h\u00e1 eletricidade est\u00e1tica.<\/span><br style=\"white-space-collapse: collapse;\"><span style=\"white-space-collapse: collapse;\">Actua suavemente no cabelo e no couro cabeludo.<\/span>\n\n<br><br><b>Design exclusivo e patenteado do cabo:<\/b><br>Sem costuras e sem fios.<br>Cabo ergon\u00f3mico.<br>Leve para pentear o cabelo sem esfor\u00e7o.\n<br><br><b>Palito de seccionamento retr\u00e1til:<\/b><br>Separa o cabelo e cria divis\u00f5es facilmente.\n<br><br>\n\t\t\t\t\t<\/div>\n\t\t\t\t\n\t\t\t\t\t\t\t<\/div>\n\t\t\t\t\t\t<\/div>\n\t\t\t\t\t\t<\/div>\n\t\t\t\t<div class=\"elementor-element elementor-element-6aedd56 elementor-widget elementor-widget-image\" data-id=\"6aedd56\" data-element_type=\"widget\" data-widget_type=\"image.default\">\n\t\t\t\t\t\t\t\t\t\t\t\t\t\t\t<img fetchpriority=\"high\" decoding=\"async\" width=\"1180\" height=\"729\" src=\"https:\/\/selekta.es\/wp-content\/uploads\/2024\/06\/Captura-de-pantalla-27-1.png\" class=\"attachment-2048x2048 size-2048x2048 wp-image-1545\" alt=\"\" srcset=\"https:\/\/selekta.es\/wp-content\/uploads\/2024\/06\/Captura-de-pantalla-27-1.png 1180w, https:\/\/selekta.es\/wp-content\/uploads\/2024\/06\/Captura-de-pantalla-27-1-300x185.png 300w, https:\/\/selekta.es\/wp-content\/uploads\/2024\/06\/Captura-de-pantalla-27-1-1024x633.png 1024w, https:\/\/selekta.es\/wp-content\/uploads\/2024\/06\/Captura-de-pantalla-27-1-768x474.png 768w\" sizes=\"(max-width: 1180px) 100vw, 1180px\" \/>\t\t\t\t\t\t\t\t\t\t\t\t\t\t\t<\/div>\n\t\t\t\t<section class=\"elementor-section elementor-inner-section elementor-element elementor-element-8e26e9e elementor-section-full_width elementor-section-height-default elementor-section-height-default\" data-id=\"8e26e9e\" data-element_type=\"section\">\n\t\t\t\t\t\t<div class=\"elementor-container elementor-column-gap-default\">\n\t\t\t\t\t<div class=\"elementor-column elementor-col-50 elementor-inner-column elementor-element elementor-element-ba73961\" data-id=\"ba73961\" data-element_type=\"column\">\n\t\t\t<div class=\"elementor-widget-wrap elementor-element-populated\">\n\t\t\t\t\t\t<div class=\"elementor-element elementor-element-0c5d9c8 elementor-widget elementor-widget-image\" data-id=\"0c5d9c8\" data-element_type=\"widget\" data-widget_type=\"image.default\">\n\t\t\t\t\t\t\t\t\t\t\t\t\t\t\t<img decoding=\"async\" width=\"2000\" height=\"1410\" src=\"https:\/\/selekta.es\/wp-content\/uploads\/2024\/07\/SPEED-DIAMETRO-1.png\" class=\"attachment-2048x2048 size-2048x2048 wp-image-2328\" alt=\"\" srcset=\"https:\/\/selekta.es\/wp-content\/uploads\/2024\/07\/SPEED-DIAMETRO-1.png 2000w, https:\/\/selekta.es\/wp-content\/uploads\/2024\/07\/SPEED-DIAMETRO-1-300x212.png 300w, https:\/\/selekta.es\/wp-content\/uploads\/2024\/07\/SPEED-DIAMETRO-1-1024x722.png 1024w, https:\/\/selekta.es\/wp-content\/uploads\/2024\/07\/SPEED-DIAMETRO-1-768x541.png 768w, https:\/\/selekta.es\/wp-content\/uploads\/2024\/07\/SPEED-DIAMETRO-1-1536x1083.png 1536w, https:\/\/selekta.es\/wp-content\/uploads\/2024\/07\/SPEED-DIAMETRO-1-1568x1105.png 1568w\" sizes=\"(max-width: 2000px) 100vw, 2000px\" \/>\t\t\t\t\t\t\t\t\t\t\t\t\t\t\t<\/div>\n\t\t\t\t\t<\/div>\n\t\t<\/div>\n\t\t\t\t<div class=\"elementor-column elementor-col-50 elementor-inner-column elementor-element elementor-element-c4bc704\" data-id=\"c4bc704\" data-element_type=\"column\">\n\t\t\t<div class=\"elementor-widget-wrap elementor-element-populated\">\n\t\t\t\t\t\t<div class=\"elementor-element elementor-element-04d3d55 elementor-widget elementor-widget-image\" data-id=\"04d3d55\" data-element_type=\"widget\" data-widget_type=\"image.default\">\n\t\t\t\t\t\t\t\t\t\t\t\t\t\t\t<img decoding=\"async\" width=\"2000\" height=\"1410\" src=\"https:\/\/selekta.es\/wp-content\/uploads\/2024\/06\/SPEED-1.jpg\" class=\"attachment-2048x2048 size-2048x2048 wp-image-1538\" alt=\"\" srcset=\"https:\/\/selekta.es\/wp-content\/uploads\/2024\/06\/SPEED-1.jpg 2000w, https:\/\/selekta.es\/wp-content\/uploads\/2024\/06\/SPEED-1-300x212.jpg 300w, https:\/\/selekta.es\/wp-content\/uploads\/2024\/06\/SPEED-1-1024x722.jpg 1024w, https:\/\/selekta.es\/wp-content\/uploads\/2024\/06\/SPEED-1-768x541.jpg 768w, https:\/\/selekta.es\/wp-content\/uploads\/2024\/06\/SPEED-1-1536x1083.jpg 1536w, https:\/\/selekta.es\/wp-content\/uploads\/2024\/06\/SPEED-1-1568x1105.jpg 1568w\" sizes=\"(max-width: 2000px) 100vw, 2000px\" \/>\t\t\t\t\t\t\t\t\t\t\t\t\t\t\t<\/div>\n\t\t\t\t\t<\/div>\n\t\t<\/div>\n\t\t\t\t\t<\/div>\n\t\t<\/section>\n\t\t\t\t\t<\/div>\n\t\t<\/div>\n\t\t\t\t\t<\/div>\n\t\t<\/section>\n\t\t\t\t<section class=\"elementor-section elementor-top-section elementor-element elementor-element-338b9ba elementor-section-full_width elementor-section-content-middle elementor-reverse-tablet elementor-reverse-mobile elementor-section-height-default elementor-section-height-default\" data-id=\"338b9ba\" data-element_type=\"section\" data-settings=\"{&quot;background_background&quot;:&quot;classic&quot;,&quot;shape_divider_top&quot;:&quot;opacity-tilt&quot;}\">\n\t\t\t\t\t<div class=\"elementor-shape elementor-shape-top\" data-negative=\"false\">\n\t\t\t<svg xmlns=\"http:\/\/www.w3.org\/2000\/svg\" viewBox=\"0 0 2600 131.1\" preserveAspectRatio=\"none\">\n\t<path class=\"elementor-shape-fill\" d=\"M0 0L2600 0 2600 69.1 0 0z\"\/>\n\t<path class=\"elementor-shape-fill\" style=\"opacity:0.5\" d=\"M0 0L2600 0 2600 69.1 0 69.1z\"\/>\n\t<path class=\"elementor-shape-fill\" style=\"opacity:0.25\" d=\"M2600 0L0 0 0 130.1 2600 69.1z\"\/>\n<\/svg>\t\t<\/div>\n\t\t\t\t\t<div class=\"elementor-container elementor-column-gap-no\">\n\t\t\t\t\t<div class=\"elementor-column elementor-col-100 elementor-top-column elementor-element elementor-element-da47a21\" data-id=\"da47a21\" data-element_type=\"column\">\n\t\t\t<div class=\"elementor-widget-wrap elementor-element-populated\">\n\t\t\t\t\t\t<div class=\"elementor-element elementor-element-aba42a8 elementor-widget elementor-widget-spacer\" data-id=\"aba42a8\" data-element_type=\"widget\" data-widget_type=\"spacer.default\">\n\t\t\t\t\t\t\t<div class=\"elementor-spacer\">\n\t\t\t<div class=\"elementor-spacer-inner\"><\/div>\n\t\t<\/div>\n\t\t\t\t\t\t<\/div>\n\t\t\t\t\t<\/div>\n\t\t<\/div>\n\t\t\t\t\t<\/div>\n\t\t<\/section>\n\t\t\t\t<\/div>\n\t\t","protected":false},"excerpt":{"rendered":"<p>Velocidade Beleza, cosm\u00e9tica e cuidados pessoais ESCOVA DE VELOCIDADE ESCOVA EXPERT SPEED CERDAS ONDULADAS Tubo revestido a cer\u00e2mica: 2,5 cm mais comprida, permitindo uma escovagem 25% mais r\u00e1pida. Penteia mais depressa e melhor, distribuindo o calor uniformemente.Aquece mais depressa e ret\u00e9m o calor durante mais tempo.N\u00edvel superior de acabamento e maior dura\u00e7\u00e3o do penteado. Porcas [&hellip;]<\/p>\n","protected":false},"author":1,"featured_media":0,"parent":0,"menu_order":0,"comment_status":"closed","ping_status":"closed","template":"elementor_header_footer","meta":{"footnotes":""},"class_list":["post-1075","page","type-page","status-publish","hentry"],"yoast_head":"<!-- This site is optimized with the Yoast SEO plugin v25.1 - https:\/\/yoast.com\/wordpress\/plugins\/seo\/ -->\n<title>Velocidade de brilho dos peritos - Selekta<\/title>\n<meta name=\"description\" content=\"Selekta - Importador oficial de Olivia Garden Espanha e Portugal - Conhe\u00e7a a nossa escova Expert Shine Speed para um penteado mais r\u00e1pido.\" \/>\n<meta name=\"robots\" content=\"index, follow, max-snippet:-1, max-image-preview:large, max-video-preview:-1\" \/>\n<link rel=\"canonical\" href=\"https:\/\/selekta.es\/pt-pt\/pincel-rapido-expert-shine\/\" \/>\n<meta property=\"og:locale\" content=\"pt_PT\" \/>\n<meta property=\"og:type\" content=\"article\" \/>\n<meta property=\"og:title\" content=\"Velocidade de brilho dos peritos - Selekta\" \/>\n<meta property=\"og:description\" content=\"Selekta - Importador oficial de Olivia Garden Espanha e Portugal - Conhe\u00e7a a nossa escova Expert Shine Speed para um penteado mais r\u00e1pido.\" \/>\n<meta property=\"og:url\" content=\"https:\/\/selekta.es\/pt-pt\/pincel-rapido-expert-shine\/\" \/>\n<meta property=\"og:site_name\" content=\"Selekta\" \/>\n<meta property=\"article:publisher\" content=\"https:\/\/www.instagram.com\/selekta_hair_tools\/\" \/>\n<meta property=\"article:modified_time\" content=\"2025-05-14T10:27:11+00:00\" \/>\n<meta property=\"og:image\" content=\"https:\/\/selekta.es\/wp-content\/uploads\/2024\/06\/Captura-de-pantalla-27-1.png\" \/>\n\t<meta property=\"og:image:width\" content=\"1180\" \/>\n\t<meta property=\"og:image:height\" content=\"729\" \/>\n\t<meta property=\"og:image:type\" content=\"image\/png\" \/>\n<meta name=\"twitter:card\" content=\"summary_large_image\" \/>\n<meta name=\"twitter:label1\" content=\"Tempo estimado de leitura\" \/>\n\t<meta name=\"twitter:data1\" content=\"1 minuto\" \/>\n<script type=\"application\/ld+json\" class=\"yoast-schema-graph\">{\"@context\":\"https:\/\/schema.org\",\"@graph\":[{\"@type\":\"WebPage\",\"@id\":\"https:\/\/selekta.es\/pt-pt\/pincel-rapido-expert-shine\/\",\"url\":\"https:\/\/selekta.es\/pt-pt\/pincel-rapido-expert-shine\/\",\"name\":\"Velocidade de brilho dos peritos - Selekta\",\"isPartOf\":{\"@id\":\"https:\/\/selekta.es\/pt-pt\/#website\"},\"primaryImageOfPage\":{\"@id\":\"https:\/\/selekta.es\/pt-pt\/pincel-rapido-expert-shine\/#primaryimage\"},\"image\":{\"@id\":\"https:\/\/selekta.es\/pt-pt\/pincel-rapido-expert-shine\/#primaryimage\"},\"thumbnailUrl\":\"https:\/\/selekta.es\/wp-content\/uploads\/2024\/06\/Captura-de-pantalla-27-1.png\",\"datePublished\":\"2023-07-20T12:42:42+00:00\",\"dateModified\":\"2025-05-14T10:27:11+00:00\",\"description\":\"Selekta - Importador oficial de Olivia Garden Espanha e Portugal - Conhe\u00e7a a nossa escova Expert Shine Speed para um penteado mais r\u00e1pido.\",\"breadcrumb\":{\"@id\":\"https:\/\/selekta.es\/pt-pt\/pincel-rapido-expert-shine\/#breadcrumb\"},\"inLanguage\":\"pt-PT\",\"potentialAction\":[{\"@type\":\"ReadAction\",\"target\":[\"https:\/\/selekta.es\/pt-pt\/pincel-rapido-expert-shine\/\"]}]},{\"@type\":\"ImageObject\",\"inLanguage\":\"pt-PT\",\"@id\":\"https:\/\/selekta.es\/pt-pt\/pincel-rapido-expert-shine\/#primaryimage\",\"url\":\"https:\/\/selekta.es\/wp-content\/uploads\/2024\/06\/Captura-de-pantalla-27-1.png\",\"contentUrl\":\"https:\/\/selekta.es\/wp-content\/uploads\/2024\/06\/Captura-de-pantalla-27-1.png\"},{\"@type\":\"BreadcrumbList\",\"@id\":\"https:\/\/selekta.es\/pt-pt\/pincel-rapido-expert-shine\/#breadcrumb\",\"itemListElement\":[{\"@type\":\"ListItem\",\"position\":1,\"name\":\"Portada\",\"item\":\"https:\/\/selekta.es\/pt-pt\/\"},{\"@type\":\"ListItem\",\"position\":2,\"name\":\"Velocidade de brilho dos peritos\"}]},{\"@type\":\"WebSite\",\"@id\":\"https:\/\/selekta.es\/pt-pt\/#website\",\"url\":\"https:\/\/selekta.es\/pt-pt\/\",\"name\":\"Selekta\",\"description\":\"Selekta Hair Tools\",\"publisher\":{\"@id\":\"https:\/\/selekta.es\/pt-pt\/#organization\"},\"potentialAction\":[{\"@type\":\"SearchAction\",\"target\":{\"@type\":\"EntryPoint\",\"urlTemplate\":\"https:\/\/selekta.es\/pt-pt\/?s={search_term_string}\"},\"query-input\":{\"@type\":\"PropertyValueSpecification\",\"valueRequired\":true,\"valueName\":\"search_term_string\"}}],\"inLanguage\":\"pt-PT\"},{\"@type\":\"Organization\",\"@id\":\"https:\/\/selekta.es\/pt-pt\/#organization\",\"name\":\"Selekta\",\"url\":\"https:\/\/selekta.es\/pt-pt\/\",\"logo\":{\"@type\":\"ImageObject\",\"inLanguage\":\"pt-PT\",\"@id\":\"https:\/\/selekta.es\/pt-pt\/#\/schema\/logo\/image\/\",\"url\":\"https:\/\/selekta.es\/wp-content\/uploads\/2023\/07\/selekta_peluqueria_cosmetica_materiales_beleza_madrid-espana_logo-transparente-negro-alta.png\",\"contentUrl\":\"https:\/\/selekta.es\/wp-content\/uploads\/2023\/07\/selekta_peluqueria_cosmetica_materiales_beleza_madrid-espana_logo-transparente-negro-alta.png\",\"width\":1920,\"height\":275,\"caption\":\"Selekta\"},\"image\":{\"@id\":\"https:\/\/selekta.es\/pt-pt\/#\/schema\/logo\/image\/\"},\"sameAs\":[\"https:\/\/www.instagram.com\/selekta_hair_tools\/\",\"https:\/\/es.pinterest.com\/SelektaHairAndBeauty\/\"]}]}<\/script>\n<!-- \/ Yoast SEO plugin. -->","yoast_head_json":{"title":"Velocidade de brilho dos peritos - Selekta","description":"Selekta - Importador oficial de Olivia Garden Espanha e Portugal - Conhe\u00e7a a nossa escova Expert Shine Speed para um penteado mais r\u00e1pido.","robots":{"index":"index","follow":"follow","max-snippet":"max-snippet:-1","max-image-preview":"max-image-preview:large","max-video-preview":"max-video-preview:-1"},"canonical":"https:\/\/selekta.es\/pt-pt\/pincel-rapido-expert-shine\/","og_locale":"pt_PT","og_type":"article","og_title":"Velocidade de brilho dos peritos - Selekta","og_description":"Selekta - Importador oficial de Olivia Garden Espanha e Portugal - Conhe\u00e7a a nossa escova Expert Shine Speed para um penteado mais r\u00e1pido.","og_url":"https:\/\/selekta.es\/pt-pt\/pincel-rapido-expert-shine\/","og_site_name":"Selekta","article_publisher":"https:\/\/www.instagram.com\/selekta_hair_tools\/","article_modified_time":"2025-05-14T10:27:11+00:00","og_image":[{"width":1180,"height":729,"url":"https:\/\/selekta.es\/wp-content\/uploads\/2024\/06\/Captura-de-pantalla-27-1.png","type":"image\/png"}],"twitter_card":"summary_large_image","twitter_misc":{"Tempo estimado de leitura":"1 minuto"},"schema":{"@context":"https:\/\/schema.org","@graph":[{"@type":"WebPage","@id":"https:\/\/selekta.es\/pt-pt\/pincel-rapido-expert-shine\/","url":"https:\/\/selekta.es\/pt-pt\/pincel-rapido-expert-shine\/","name":"Velocidade de brilho dos peritos - Selekta","isPartOf":{"@id":"https:\/\/selekta.es\/pt-pt\/#website"},"primaryImageOfPage":{"@id":"https:\/\/selekta.es\/pt-pt\/pincel-rapido-expert-shine\/#primaryimage"},"image":{"@id":"https:\/\/selekta.es\/pt-pt\/pincel-rapido-expert-shine\/#primaryimage"},"thumbnailUrl":"https:\/\/selekta.es\/wp-content\/uploads\/2024\/06\/Captura-de-pantalla-27-1.png","datePublished":"2023-07-20T12:42:42+00:00","dateModified":"2025-05-14T10:27:11+00:00","description":"Selekta - Importador oficial de Olivia Garden Espanha e Portugal - Conhe\u00e7a a nossa escova Expert Shine Speed para um penteado mais r\u00e1pido.","breadcrumb":{"@id":"https:\/\/selekta.es\/pt-pt\/pincel-rapido-expert-shine\/#breadcrumb"},"inLanguage":"pt-PT","potentialAction":[{"@type":"ReadAction","target":["https:\/\/selekta.es\/pt-pt\/pincel-rapido-expert-shine\/"]}]},{"@type":"ImageObject","inLanguage":"pt-PT","@id":"https:\/\/selekta.es\/pt-pt\/pincel-rapido-expert-shine\/#primaryimage","url":"https:\/\/selekta.es\/wp-content\/uploads\/2024\/06\/Captura-de-pantalla-27-1.png","contentUrl":"https:\/\/selekta.es\/wp-content\/uploads\/2024\/06\/Captura-de-pantalla-27-1.png"},{"@type":"BreadcrumbList","@id":"https:\/\/selekta.es\/pt-pt\/pincel-rapido-expert-shine\/#breadcrumb","itemListElement":[{"@type":"ListItem","position":1,"name":"Portada","item":"https:\/\/selekta.es\/pt-pt\/"},{"@type":"ListItem","position":2,"name":"Velocidade de brilho dos peritos"}]},{"@type":"WebSite","@id":"https:\/\/selekta.es\/pt-pt\/#website","url":"https:\/\/selekta.es\/pt-pt\/","name":"Selekta","description":"Selekta Hair Tools","publisher":{"@id":"https:\/\/selekta.es\/pt-pt\/#organization"},"potentialAction":[{"@type":"SearchAction","target":{"@type":"EntryPoint","urlTemplate":"https:\/\/selekta.es\/pt-pt\/?s={search_term_string}"},"query-input":{"@type":"PropertyValueSpecification","valueRequired":true,"valueName":"search_term_string"}}],"inLanguage":"pt-PT"},{"@type":"Organization","@id":"https:\/\/selekta.es\/pt-pt\/#organization","name":"Selekta","url":"https:\/\/selekta.es\/pt-pt\/","logo":{"@type":"ImageObject","inLanguage":"pt-PT","@id":"https:\/\/selekta.es\/pt-pt\/#\/schema\/logo\/image\/","url":"https:\/\/selekta.es\/wp-content\/uploads\/2023\/07\/selekta_peluqueria_cosmetica_materiales_beleza_madrid-espana_logo-transparente-negro-alta.png","contentUrl":"https:\/\/selekta.es\/wp-content\/uploads\/2023\/07\/selekta_peluqueria_cosmetica_materiales_beleza_madrid-espana_logo-transparente-negro-alta.png","width":1920,"height":275,"caption":"Selekta"},"image":{"@id":"https:\/\/selekta.es\/pt-pt\/#\/schema\/logo\/image\/"},"sameAs":["https:\/\/www.instagram.com\/selekta_hair_tools\/","https:\/\/es.pinterest.com\/SelektaHairAndBeauty\/"]}]}},"_links":{"self":[{"href":"https:\/\/selekta.es\/pt-pt\/wp-json\/wp\/v2\/pages\/1075","targetHints":{"allow":["GET"]}}],"collection":[{"href":"https:\/\/selekta.es\/pt-pt\/wp-json\/wp\/v2\/pages"}],"about":[{"href":"https:\/\/selekta.es\/pt-pt\/wp-json\/wp\/v2\/types\/page"}],"author":[{"embeddable":true,"href":"https:\/\/selekta.es\/pt-pt\/wp-json\/wp\/v2\/users\/1"}],"replies":[{"embeddable":true,"href":"https:\/\/selekta.es\/pt-pt\/wp-json\/wp\/v2\/comments?post=1075"}],"version-history":[{"count":7,"href":"https:\/\/selekta.es\/pt-pt\/wp-json\/wp\/v2\/pages\/1075\/revisions"}],"predecessor-version":[{"id":3147,"href":"https:\/\/selekta.es\/pt-pt\/wp-json\/wp\/v2\/pages\/1075\/revisions\/3147"}],"wp:attachment":[{"href":"https:\/\/selekta.es\/pt-pt\/wp-json\/wp\/v2\/media?parent=1075"}],"curies":[{"name":"wp","href":"https:\/\/api.w.org\/{rel}","templated":true}]}}