{"id":1084,"date":"2023-07-20T12:46:58","date_gmt":"2023-07-20T12:46:58","guid":{"rendered":"https:\/\/selekta.es\/multibrush\/"},"modified":"2023-08-02T12:47:51","modified_gmt":"2023-08-02T12:47:51","slug":"multibrush","status":"publish","type":"page","link":"https:\/\/selekta.es\/pt-pt\/multibrush\/","title":{"rendered":"Multibrush"},"content":{"rendered":"\t\t<div data-elementor-type=\"wp-page\" data-elementor-id=\"1084\" class=\"elementor elementor-1084 elementor-509\" data-elementor-post-type=\"page\">\n\t\t\t\t\t\t<section class=\"elementor-section elementor-top-section elementor-element elementor-element-66e7648 elementor-section-full_width elementor-section-height-min-height elementor-section-items-stretch elementor-section-content-middle elementor-reverse-tablet elementor-reverse-mobile elementor-section-height-default\" data-id=\"66e7648\" data-element_type=\"section\">\n\t\t\t\t\t\t<div class=\"elementor-container elementor-column-gap-no\">\n\t\t\t\t\t<div class=\"elementor-column elementor-col-100 elementor-top-column elementor-element elementor-element-ef4e462\" data-id=\"ef4e462\" data-element_type=\"column\">\n\t\t\t<div class=\"elementor-widget-wrap elementor-element-populated\">\n\t\t\t\t\t\t<div class=\"elementor-element elementor-element-ce4bf28 elementor-widget elementor-widget-heading\" data-id=\"ce4bf28\" data-element_type=\"widget\" data-widget_type=\"heading.default\">\n\t\t\t\t\t<h1 class=\"elementor-heading-title elementor-size-default\">Escova<br>Multibrush<\/h1>\t\t\t\t<\/div>\n\t\t\t\t<div class=\"elementor-element elementor-element-5bd2e4f elementor-widget elementor-widget-text-editor\" data-id=\"5bd2e4f\" data-element_type=\"widget\" data-widget_type=\"text-editor.default\">\n\t\t\t\t\t\t\t\t\t<p>Beleza, cosm\u00e9tica e cuidados pessoais<\/p>\n\t\t\t\t\t\t\t\t<\/div>\n\t\t\t\t<div class=\"elementor-element elementor-element-60be4c3 elementor-align-left elementor-widget elementor-widget-breadcrumbs\" data-id=\"60be4c3\" data-element_type=\"widget\" data-widget_type=\"breadcrumbs.default\">\n\t\t\t\t\t<p id=\"breadcrumbs\"><span><span><a href=\"https:\/\/selekta.es\/pt-pt\/\">Portada<\/a><\/span><\/span><\/p>\t\t\t\t<\/div>\n\t\t\t\t\t<\/div>\n\t\t<\/div>\n\t\t\t\t\t<\/div>\n\t\t<\/section>\n\t\t\t\t<section class=\"elementor-section elementor-top-section elementor-element elementor-element-42e81ea2 elementor-section-full_width elementor-section-height-default elementor-section-height-default\" data-id=\"42e81ea2\" data-element_type=\"section\">\n\t\t\t\t\t\t<div class=\"elementor-container elementor-column-gap-no\">\n\t\t\t\t\t<div class=\"elementor-column elementor-col-100 elementor-top-column elementor-element elementor-element-8044e43\" data-id=\"8044e43\" data-element_type=\"column\">\n\t\t\t<div class=\"elementor-widget-wrap elementor-element-populated\">\n\t\t\t\t\t\t<div class=\"elementor-element elementor-element-7731c60b elementor-cta--layout-image-left elementor-cta--valign-middle elementor-cta--mobile-layout-image-above elementor-cta--skin-classic elementor-animated-content elementor-bg-transform elementor-bg-transform-zoom-in elementor-widget elementor-widget-call-to-action\" data-id=\"7731c60b\" data-element_type=\"widget\" id=\"service_2\" data-widget_type=\"call-to-action.default\">\n\t\t\t\t\t\t\t<div class=\"elementor-cta\">\n\t\t\t\t\t<div class=\"elementor-cta__bg-wrapper\">\n\t\t\t\t<div class=\"elementor-cta__bg elementor-bg\" style=\"background-image: url(https:\/\/selekta.es\/wp-content\/uploads\/2023\/07\/selekta_peluqueria_cosmetica_materiales_beleza_madrid-espana_banner-cepillos-producto-1.png);\" role=\"img\" aria-label=\"selekta_peluqueria_cosmetica_materiales_beleza_madrid-espana_banner-cepillos-producto-1\"><\/div>\n\t\t\t\t<div class=\"elementor-cta__bg-overlay\"><\/div>\n\t\t\t<\/div>\n\t\t\t\t\t\t\t<div class=\"elementor-cta__content\">\n\t\t\t\t\n\t\t\t\t\t\t\t\t\t<h4 class=\"elementor-cta__title elementor-cta__content-item elementor-content-item\">\n\t\t\t\t\t\tMultibrush\t\t\t\t\t<\/h4>\n\t\t\t\t\n\t\t\t\t\t\t\t\t\t<div class=\"elementor-cta__description elementor-cta__content-item elementor-content-item\">\n\t\t\t\t\t\t<p><b>Tubo revestido a cer\u00e2mica:<\/b><br \/>\nAquece mais rapidamente e ret\u00e9m melhor o calor.<br \/>\nPenteados superiores e mais duradouros.<\/p>\n<p><b>Sistema de fecho patenteado:<\/b><br \/>\nLiga\u00e7\u00e3o <sup>PerfectFITTM<\/sup> sem ovos.<br \/>\nO punho pode ser libertado com uma s\u00f3 m\u00e3o.<br \/>\nMecanismo de alta qualidade baseado em anos de I&amp;D.<br \/>\nTestado mais de 250.000 vezes.<\/p>\n<p><b>Pentear e desmontar: 2 em 1:<\/b><br \/>\nDesacoplamento f\u00e1cil no local.<br \/>\nPoupe dinheiro e espa\u00e7o.<br \/>\nLeve-o para onde quiser.<\/p>\n\t\t\t\t\t<\/div>\n\t\t\t\t\n\t\t\t\t\t\t\t<\/div>\n\t\t\t\t\t\t<\/div>\n\t\t\t\t\t\t<\/div>\n\t\t\t\t<section class=\"elementor-section elementor-inner-section elementor-element elementor-element-8e26e9e elementor-section-full_width elementor-section-height-default elementor-section-height-default\" data-id=\"8e26e9e\" data-element_type=\"section\">\n\t\t\t\t\t\t<div class=\"elementor-container elementor-column-gap-default\">\n\t\t\t\t\t<div class=\"elementor-column elementor-col-33 elementor-inner-column elementor-element elementor-element-ba73961\" data-id=\"ba73961\" data-element_type=\"column\">\n\t\t\t<div class=\"elementor-widget-wrap elementor-element-populated\">\n\t\t\t\t\t\t<div class=\"elementor-element elementor-element-0c5d9c8 elementor-widget elementor-widget-image\" data-id=\"0c5d9c8\" data-element_type=\"widget\" data-widget_type=\"image.default\">\n\t\t\t\t\t\t\t\t\t\t\t\t\t\t\t<img fetchpriority=\"high\" decoding=\"async\" width=\"800\" height=\"765\" src=\"https:\/\/selekta.es\/wp-content\/uploads\/2023\/07\/selekta_peluqueria_cosmetica_materiales_beleza_madrid-espana_cepillos-multibrush-cabezalles-1024x979.jpg\" class=\"attachment-large size-large wp-image-1030\" alt=\"\" srcset=\"https:\/\/selekta.es\/wp-content\/uploads\/2023\/07\/selekta_peluqueria_cosmetica_materiales_beleza_madrid-espana_cepillos-multibrush-cabezalles-1024x979.jpg 1024w, https:\/\/selekta.es\/wp-content\/uploads\/2023\/07\/selekta_peluqueria_cosmetica_materiales_beleza_madrid-espana_cepillos-multibrush-cabezalles-300x287.jpg 300w, https:\/\/selekta.es\/wp-content\/uploads\/2023\/07\/selekta_peluqueria_cosmetica_materiales_beleza_madrid-espana_cepillos-multibrush-cabezalles-768x734.jpg 768w, https:\/\/selekta.es\/wp-content\/uploads\/2023\/07\/selekta_peluqueria_cosmetica_materiales_beleza_madrid-espana_cepillos-multibrush-cabezalles.jpg 1242w\" sizes=\"(max-width: 800px) 100vw, 800px\" \/>\t\t\t\t\t\t\t\t\t\t\t\t\t\t\t<\/div>\n\t\t\t\t\t<\/div>\n\t\t<\/div>\n\t\t\t\t<div class=\"elementor-column elementor-col-33 elementor-inner-column elementor-element elementor-element-634a46e\" data-id=\"634a46e\" data-element_type=\"column\">\n\t\t\t<div class=\"elementor-widget-wrap elementor-element-populated\">\n\t\t\t\t\t\t<div class=\"elementor-element elementor-element-1322cb7 elementor-widget elementor-widget-image\" data-id=\"1322cb7\" data-element_type=\"widget\" data-widget_type=\"image.default\">\n\t\t\t\t\t\t\t\t\t\t\t\t\t\t\t<img decoding=\"async\" width=\"800\" height=\"629\" src=\"https:\/\/selekta.es\/wp-content\/uploads\/2023\/07\/selekta_peluqueria_cosmetica_materiales_beleza_madrid-espana_cepillos-multibrush-mangos-tubos-1024x805.jpg\" class=\"attachment-large size-large wp-image-1029\" alt=\"\" srcset=\"https:\/\/selekta.es\/wp-content\/uploads\/2023\/07\/selekta_peluqueria_cosmetica_materiales_beleza_madrid-espana_cepillos-multibrush-mangos-tubos-1024x805.jpg 1024w, https:\/\/selekta.es\/wp-content\/uploads\/2023\/07\/selekta_peluqueria_cosmetica_materiales_beleza_madrid-espana_cepillos-multibrush-mangos-tubos-300x236.jpg 300w, https:\/\/selekta.es\/wp-content\/uploads\/2023\/07\/selekta_peluqueria_cosmetica_materiales_beleza_madrid-espana_cepillos-multibrush-mangos-tubos-768x603.jpg 768w, https:\/\/selekta.es\/wp-content\/uploads\/2023\/07\/selekta_peluqueria_cosmetica_materiales_beleza_madrid-espana_cepillos-multibrush-mangos-tubos.jpg 1241w\" sizes=\"(max-width: 800px) 100vw, 800px\" \/>\t\t\t\t\t\t\t\t\t\t\t\t\t\t\t<\/div>\n\t\t\t\t\t<\/div>\n\t\t<\/div>\n\t\t\t\t<div class=\"elementor-column elementor-col-33 elementor-inner-column elementor-element elementor-element-c4bc704\" data-id=\"c4bc704\" data-element_type=\"column\">\n\t\t\t<div class=\"elementor-widget-wrap elementor-element-populated\">\n\t\t\t\t\t\t<div class=\"elementor-element elementor-element-04d3d55 elementor-widget elementor-widget-image\" data-id=\"04d3d55\" data-element_type=\"widget\" data-widget_type=\"image.default\">\n\t\t\t\t\t\t\t\t\t\t\t\t\t\t\t<img decoding=\"async\" src=\"https:\/\/selekta.es\/wp-content\/uploads\/2023\/07\/selekta_peluqueria_cosmetica_materiales_beleza_madrid-espana_cepillos-multibrush-diametros.jpg\" title=\"selekta_peluqueria_cosmetica_materiales_beleza_madrid-espana_cepillos-multibrush-diametros\" alt=\"selekta_peluqueria_cosmetica_materiales_beleza_madrid-espana_cepillos-multibrush-diametros\" loading=\"lazy\" \/>\t\t\t\t\t\t\t\t\t\t\t\t\t\t\t<\/div>\n\t\t\t\t\t<\/div>\n\t\t<\/div>\n\t\t\t\t\t<\/div>\n\t\t<\/section>\n\t\t\t\t\t<\/div>\n\t\t<\/div>\n\t\t\t\t\t<\/div>\n\t\t<\/section>\n\t\t\t\t<section class=\"elementor-section elementor-top-section elementor-element elementor-element-338b9ba elementor-section-full_width elementor-section-content-middle elementor-reverse-tablet elementor-reverse-mobile elementor-section-height-default elementor-section-height-default\" data-id=\"338b9ba\" data-element_type=\"section\" data-settings=\"{&quot;background_background&quot;:&quot;classic&quot;,&quot;shape_divider_top&quot;:&quot;opacity-tilt&quot;}\">\n\t\t\t\t\t<div class=\"elementor-shape elementor-shape-top\" data-negative=\"false\">\n\t\t\t<svg xmlns=\"http:\/\/www.w3.org\/2000\/svg\" viewBox=\"0 0 2600 131.1\" preserveAspectRatio=\"none\">\n\t<path class=\"elementor-shape-fill\" d=\"M0 0L2600 0 2600 69.1 0 0z\"\/>\n\t<path class=\"elementor-shape-fill\" style=\"opacity:0.5\" d=\"M0 0L2600 0 2600 69.1 0 69.1z\"\/>\n\t<path class=\"elementor-shape-fill\" style=\"opacity:0.25\" d=\"M2600 0L0 0 0 130.1 2600 69.1z\"\/>\n<\/svg>\t\t<\/div>\n\t\t\t\t\t<div class=\"elementor-container elementor-column-gap-no\">\n\t\t\t\t\t<div class=\"elementor-column elementor-col-100 elementor-top-column elementor-element elementor-element-da47a21\" data-id=\"da47a21\" data-element_type=\"column\">\n\t\t\t<div class=\"elementor-widget-wrap elementor-element-populated\">\n\t\t\t\t\t\t<div class=\"elementor-element elementor-element-aba42a8 elementor-widget elementor-widget-spacer\" data-id=\"aba42a8\" data-element_type=\"widget\" data-widget_type=\"spacer.default\">\n\t\t\t\t\t\t\t<div class=\"elementor-spacer\">\n\t\t\t<div class=\"elementor-spacer-inner\"><\/div>\n\t\t<\/div>\n\t\t\t\t\t\t<\/div>\n\t\t\t\t\t<\/div>\n\t\t<\/div>\n\t\t\t\t\t<\/div>\n\t\t<\/section>\n\t\t\t\t<\/div>\n\t\t","protected":false},"excerpt":{"rendered":"<p>EscovaMultibrush Beleza, cosm\u00e9tica e cuidados pessoais Multibrush Tubo revestido a cer\u00e2mica: Aquece mais rapidamente e ret\u00e9m melhor o calor. Penteados superiores e mais duradouros. Sistema de fecho patenteado: Liga\u00e7\u00e3o PerfectFITTM sem ovos. O punho pode ser libertado com uma s\u00f3 m\u00e3o. Mecanismo de alta qualidade baseado em anos de I&amp;D. Testado mais de 250.000 vezes. [&hellip;]<\/p>\n","protected":false},"author":1,"featured_media":0,"parent":0,"menu_order":0,"comment_status":"closed","ping_status":"closed","template":"elementor_header_footer","meta":{"footnotes":""},"class_list":["post-1084","page","type-page","status-publish","hentry"],"yoast_head":"<!-- This site is optimized with the Yoast SEO plugin v25.1 - https:\/\/yoast.com\/wordpress\/plugins\/seo\/ -->\n<title>Multibrush - Selekta<\/title>\n<meta name=\"description\" content=\"Selekta - Importador oficial de Olivia Garden Espanha e Portugal - Conhe\u00e7a a nossa Multibrush com sistema de fecho patenteado.\" \/>\n<meta name=\"robots\" content=\"index, follow, max-snippet:-1, max-image-preview:large, max-video-preview:-1\" \/>\n<link rel=\"canonical\" href=\"https:\/\/selekta.es\/pt-pt\/multibrush\/\" \/>\n<meta property=\"og:locale\" content=\"pt_PT\" \/>\n<meta property=\"og:type\" content=\"article\" \/>\n<meta property=\"og:title\" content=\"Multibrush - Selekta\" \/>\n<meta property=\"og:description\" content=\"Selekta - Importador oficial de Olivia Garden Espanha e Portugal - Conhe\u00e7a a nossa Multibrush com sistema de fecho patenteado.\" \/>\n<meta property=\"og:url\" content=\"https:\/\/selekta.es\/pt-pt\/multibrush\/\" \/>\n<meta property=\"og:site_name\" content=\"Selekta\" \/>\n<meta property=\"article:publisher\" content=\"https:\/\/www.instagram.com\/selekta_hair_tools\/\" \/>\n<meta property=\"article:modified_time\" content=\"2023-08-02T12:47:51+00:00\" \/>\n<meta property=\"og:image\" content=\"https:\/\/selekta.es\/wp-content\/uploads\/2023\/07\/selekta_peluqueria_cosmetica_materiales_beleza_madrid-espana_cepillos-multibrush-cabezalles-1024x979.jpg\" \/>\n<meta name=\"twitter:card\" content=\"summary_large_image\" \/>\n<script type=\"application\/ld+json\" class=\"yoast-schema-graph\">{\"@context\":\"https:\/\/schema.org\",\"@graph\":[{\"@type\":\"WebPage\",\"@id\":\"https:\/\/selekta.es\/pt-pt\/multibrush\/\",\"url\":\"https:\/\/selekta.es\/pt-pt\/multibrush\/\",\"name\":\"Multibrush - Selekta\",\"isPartOf\":{\"@id\":\"https:\/\/selekta.es\/pt-pt\/#website\"},\"primaryImageOfPage\":{\"@id\":\"https:\/\/selekta.es\/pt-pt\/multibrush\/#primaryimage\"},\"image\":{\"@id\":\"https:\/\/selekta.es\/pt-pt\/multibrush\/#primaryimage\"},\"thumbnailUrl\":\"https:\/\/selekta.es\/wp-content\/uploads\/2023\/07\/selekta_peluqueria_cosmetica_materiales_beleza_madrid-espana_cepillos-multibrush-cabezalles-1024x979.jpg\",\"datePublished\":\"2023-07-20T12:46:58+00:00\",\"dateModified\":\"2023-08-02T12:47:51+00:00\",\"description\":\"Selekta - Importador oficial de Olivia Garden Espanha e Portugal - Conhe\u00e7a a nossa Multibrush com sistema de fecho patenteado.\",\"breadcrumb\":{\"@id\":\"https:\/\/selekta.es\/pt-pt\/multibrush\/#breadcrumb\"},\"inLanguage\":\"pt-PT\",\"potentialAction\":[{\"@type\":\"ReadAction\",\"target\":[\"https:\/\/selekta.es\/pt-pt\/multibrush\/\"]}]},{\"@type\":\"ImageObject\",\"inLanguage\":\"pt-PT\",\"@id\":\"https:\/\/selekta.es\/pt-pt\/multibrush\/#primaryimage\",\"url\":\"https:\/\/selekta.es\/wp-content\/uploads\/2023\/07\/selekta_peluqueria_cosmetica_materiales_beleza_madrid-espana_cepillos-multibrush-cabezalles-1024x979.jpg\",\"contentUrl\":\"https:\/\/selekta.es\/wp-content\/uploads\/2023\/07\/selekta_peluqueria_cosmetica_materiales_beleza_madrid-espana_cepillos-multibrush-cabezalles-1024x979.jpg\"},{\"@type\":\"BreadcrumbList\",\"@id\":\"https:\/\/selekta.es\/pt-pt\/multibrush\/#breadcrumb\",\"itemListElement\":[{\"@type\":\"ListItem\",\"position\":1,\"name\":\"Portada\",\"item\":\"https:\/\/selekta.es\/pt-pt\/\"},{\"@type\":\"ListItem\",\"position\":2,\"name\":\"Multibrush\"}]},{\"@type\":\"WebSite\",\"@id\":\"https:\/\/selekta.es\/pt-pt\/#website\",\"url\":\"https:\/\/selekta.es\/pt-pt\/\",\"name\":\"Selekta\",\"description\":\"Selekta Hair Tools\",\"publisher\":{\"@id\":\"https:\/\/selekta.es\/pt-pt\/#organization\"},\"potentialAction\":[{\"@type\":\"SearchAction\",\"target\":{\"@type\":\"EntryPoint\",\"urlTemplate\":\"https:\/\/selekta.es\/pt-pt\/?s={search_term_string}\"},\"query-input\":{\"@type\":\"PropertyValueSpecification\",\"valueRequired\":true,\"valueName\":\"search_term_string\"}}],\"inLanguage\":\"pt-PT\"},{\"@type\":\"Organization\",\"@id\":\"https:\/\/selekta.es\/pt-pt\/#organization\",\"name\":\"Selekta\",\"url\":\"https:\/\/selekta.es\/pt-pt\/\",\"logo\":{\"@type\":\"ImageObject\",\"inLanguage\":\"pt-PT\",\"@id\":\"https:\/\/selekta.es\/pt-pt\/#\/schema\/logo\/image\/\",\"url\":\"https:\/\/selekta.es\/wp-content\/uploads\/2023\/07\/selekta_peluqueria_cosmetica_materiales_beleza_madrid-espana_logo-transparente-negro-alta.png\",\"contentUrl\":\"https:\/\/selekta.es\/wp-content\/uploads\/2023\/07\/selekta_peluqueria_cosmetica_materiales_beleza_madrid-espana_logo-transparente-negro-alta.png\",\"width\":1920,\"height\":275,\"caption\":\"Selekta\"},\"image\":{\"@id\":\"https:\/\/selekta.es\/pt-pt\/#\/schema\/logo\/image\/\"},\"sameAs\":[\"https:\/\/www.instagram.com\/selekta_hair_tools\/\",\"https:\/\/es.pinterest.com\/SelektaHairAndBeauty\/\"]}]}<\/script>\n<!-- \/ Yoast SEO plugin. -->","yoast_head_json":{"title":"Multibrush - Selekta","description":"Selekta - Importador oficial de Olivia Garden Espanha e Portugal - Conhe\u00e7a a nossa Multibrush com sistema de fecho patenteado.","robots":{"index":"index","follow":"follow","max-snippet":"max-snippet:-1","max-image-preview":"max-image-preview:large","max-video-preview":"max-video-preview:-1"},"canonical":"https:\/\/selekta.es\/pt-pt\/multibrush\/","og_locale":"pt_PT","og_type":"article","og_title":"Multibrush - Selekta","og_description":"Selekta - Importador oficial de Olivia Garden Espanha e Portugal - Conhe\u00e7a a nossa Multibrush com sistema de fecho patenteado.","og_url":"https:\/\/selekta.es\/pt-pt\/multibrush\/","og_site_name":"Selekta","article_publisher":"https:\/\/www.instagram.com\/selekta_hair_tools\/","article_modified_time":"2023-08-02T12:47:51+00:00","og_image":[{"url":"https:\/\/selekta.es\/wp-content\/uploads\/2023\/07\/selekta_peluqueria_cosmetica_materiales_beleza_madrid-espana_cepillos-multibrush-cabezalles-1024x979.jpg","type":"","width":"","height":""}],"twitter_card":"summary_large_image","schema":{"@context":"https:\/\/schema.org","@graph":[{"@type":"WebPage","@id":"https:\/\/selekta.es\/pt-pt\/multibrush\/","url":"https:\/\/selekta.es\/pt-pt\/multibrush\/","name":"Multibrush - Selekta","isPartOf":{"@id":"https:\/\/selekta.es\/pt-pt\/#website"},"primaryImageOfPage":{"@id":"https:\/\/selekta.es\/pt-pt\/multibrush\/#primaryimage"},"image":{"@id":"https:\/\/selekta.es\/pt-pt\/multibrush\/#primaryimage"},"thumbnailUrl":"https:\/\/selekta.es\/wp-content\/uploads\/2023\/07\/selekta_peluqueria_cosmetica_materiales_beleza_madrid-espana_cepillos-multibrush-cabezalles-1024x979.jpg","datePublished":"2023-07-20T12:46:58+00:00","dateModified":"2023-08-02T12:47:51+00:00","description":"Selekta - Importador oficial de Olivia Garden Espanha e Portugal - Conhe\u00e7a a nossa Multibrush com sistema de fecho patenteado.","breadcrumb":{"@id":"https:\/\/selekta.es\/pt-pt\/multibrush\/#breadcrumb"},"inLanguage":"pt-PT","potentialAction":[{"@type":"ReadAction","target":["https:\/\/selekta.es\/pt-pt\/multibrush\/"]}]},{"@type":"ImageObject","inLanguage":"pt-PT","@id":"https:\/\/selekta.es\/pt-pt\/multibrush\/#primaryimage","url":"https:\/\/selekta.es\/wp-content\/uploads\/2023\/07\/selekta_peluqueria_cosmetica_materiales_beleza_madrid-espana_cepillos-multibrush-cabezalles-1024x979.jpg","contentUrl":"https:\/\/selekta.es\/wp-content\/uploads\/2023\/07\/selekta_peluqueria_cosmetica_materiales_beleza_madrid-espana_cepillos-multibrush-cabezalles-1024x979.jpg"},{"@type":"BreadcrumbList","@id":"https:\/\/selekta.es\/pt-pt\/multibrush\/#breadcrumb","itemListElement":[{"@type":"ListItem","position":1,"name":"Portada","item":"https:\/\/selekta.es\/pt-pt\/"},{"@type":"ListItem","position":2,"name":"Multibrush"}]},{"@type":"WebSite","@id":"https:\/\/selekta.es\/pt-pt\/#website","url":"https:\/\/selekta.es\/pt-pt\/","name":"Selekta","description":"Selekta Hair Tools","publisher":{"@id":"https:\/\/selekta.es\/pt-pt\/#organization"},"potentialAction":[{"@type":"SearchAction","target":{"@type":"EntryPoint","urlTemplate":"https:\/\/selekta.es\/pt-pt\/?s={search_term_string}"},"query-input":{"@type":"PropertyValueSpecification","valueRequired":true,"valueName":"search_term_string"}}],"inLanguage":"pt-PT"},{"@type":"Organization","@id":"https:\/\/selekta.es\/pt-pt\/#organization","name":"Selekta","url":"https:\/\/selekta.es\/pt-pt\/","logo":{"@type":"ImageObject","inLanguage":"pt-PT","@id":"https:\/\/selekta.es\/pt-pt\/#\/schema\/logo\/image\/","url":"https:\/\/selekta.es\/wp-content\/uploads\/2023\/07\/selekta_peluqueria_cosmetica_materiales_beleza_madrid-espana_logo-transparente-negro-alta.png","contentUrl":"https:\/\/selekta.es\/wp-content\/uploads\/2023\/07\/selekta_peluqueria_cosmetica_materiales_beleza_madrid-espana_logo-transparente-negro-alta.png","width":1920,"height":275,"caption":"Selekta"},"image":{"@id":"https:\/\/selekta.es\/pt-pt\/#\/schema\/logo\/image\/"},"sameAs":["https:\/\/www.instagram.com\/selekta_hair_tools\/","https:\/\/es.pinterest.com\/SelektaHairAndBeauty\/"]}]}},"_links":{"self":[{"href":"https:\/\/selekta.es\/pt-pt\/wp-json\/wp\/v2\/pages\/1084","targetHints":{"allow":["GET"]}}],"collection":[{"href":"https:\/\/selekta.es\/pt-pt\/wp-json\/wp\/v2\/pages"}],"about":[{"href":"https:\/\/selekta.es\/pt-pt\/wp-json\/wp\/v2\/types\/page"}],"author":[{"embeddable":true,"href":"https:\/\/selekta.es\/pt-pt\/wp-json\/wp\/v2\/users\/1"}],"replies":[{"embeddable":true,"href":"https:\/\/selekta.es\/pt-pt\/wp-json\/wp\/v2\/comments?post=1084"}],"version-history":[{"count":1,"href":"https:\/\/selekta.es\/pt-pt\/wp-json\/wp\/v2\/pages\/1084\/revisions"}],"predecessor-version":[{"id":1089,"href":"https:\/\/selekta.es\/pt-pt\/wp-json\/wp\/v2\/pages\/1084\/revisions\/1089"}],"wp:attachment":[{"href":"https:\/\/selekta.es\/pt-pt\/wp-json\/wp\/v2\/media?parent=1084"}],"curies":[{"name":"wp","href":"https:\/\/api.w.org\/{rel}","templated":true}]}}