{"id":1094,"date":"2023-07-20T13:14:44","date_gmt":"2023-07-20T13:14:44","guid":{"rendered":"https:\/\/selekta.es\/complemento-do-limpador-de-escovas\/"},"modified":"2024-06-14T10:57:32","modified_gmt":"2024-06-14T10:57:32","slug":"complemento-do-limpador-de-escovas","status":"publish","type":"page","link":"https:\/\/selekta.es\/pt-pt\/complemento-do-limpador-de-escovas\/","title":{"rendered":"Complemento do limpador de escovas"},"content":{"rendered":"\t\t<div data-elementor-type=\"wp-page\" data-elementor-id=\"1094\" class=\"elementor elementor-1094 elementor-538\" data-elementor-post-type=\"page\">\n\t\t\t\t\t\t<section class=\"elementor-section elementor-top-section elementor-element elementor-element-66e7648 elementor-section-full_width elementor-section-height-min-height elementor-section-items-stretch elementor-section-content-middle elementor-reverse-tablet elementor-reverse-mobile elementor-section-height-default\" data-id=\"66e7648\" data-element_type=\"section\">\n\t\t\t\t\t\t<div class=\"elementor-container elementor-column-gap-no\">\n\t\t\t\t\t<div class=\"elementor-column elementor-col-100 elementor-top-column elementor-element elementor-element-ef4e462\" data-id=\"ef4e462\" data-element_type=\"column\">\n\t\t\t<div class=\"elementor-widget-wrap elementor-element-populated\">\n\t\t\t\t\t\t<div class=\"elementor-element elementor-element-ce4bf28 elementor-widget elementor-widget-heading\" data-id=\"ce4bf28\" data-element_type=\"widget\" data-widget_type=\"heading.default\">\n\t\t\t\t\t<h1 class=\"elementor-heading-title elementor-size-default\">Complemento<br>Limpador de escovas<\/h1>\t\t\t\t<\/div>\n\t\t\t\t<div class=\"elementor-element elementor-element-5bd2e4f elementor-widget elementor-widget-text-editor\" data-id=\"5bd2e4f\" data-element_type=\"widget\" data-widget_type=\"text-editor.default\">\n\t\t\t\t\t\t\t\t\t<p>Beleza, cosm\u00e9tica e cuidados pessoais<\/p>\n\t\t\t\t\t\t\t\t<\/div>\n\t\t\t\t<div class=\"elementor-element elementor-element-c74aa4b elementor-align-left elementor-widget elementor-widget-breadcrumbs\" data-id=\"c74aa4b\" data-element_type=\"widget\" data-widget_type=\"breadcrumbs.default\">\n\t\t\t\t\t<p id=\"breadcrumbs\"><span><span><a href=\"https:\/\/selekta.es\/pt-pt\/\">Portada<\/a><\/span><\/span><\/p>\t\t\t\t<\/div>\n\t\t\t\t\t<\/div>\n\t\t<\/div>\n\t\t\t\t\t<\/div>\n\t\t<\/section>\n\t\t\t\t<section class=\"elementor-section elementor-top-section elementor-element elementor-element-42e81ea2 elementor-section-full_width elementor-section-height-default elementor-section-height-default\" data-id=\"42e81ea2\" data-element_type=\"section\">\n\t\t\t\t\t\t<div class=\"elementor-container elementor-column-gap-no\">\n\t\t\t\t\t<div class=\"elementor-column elementor-col-100 elementor-top-column elementor-element elementor-element-8044e43\" data-id=\"8044e43\" data-element_type=\"column\">\n\t\t\t<div class=\"elementor-widget-wrap elementor-element-populated\">\n\t\t\t\t\t\t<div class=\"elementor-element elementor-element-7731c60b elementor-cta--layout-image-left elementor-cta--valign-middle elementor-cta--mobile-layout-image-above elementor-cta--skin-classic elementor-animated-content elementor-bg-transform elementor-bg-transform-zoom-in elementor-widget elementor-widget-call-to-action\" data-id=\"7731c60b\" data-element_type=\"widget\" id=\"service_2\" data-widget_type=\"call-to-action.default\">\n\t\t\t\t\t\t\t<div class=\"elementor-cta\">\n\t\t\t\t\t<div class=\"elementor-cta__bg-wrapper\">\n\t\t\t\t<div class=\"elementor-cta__bg elementor-bg\" style=\"background-image: url(https:\/\/selekta.es\/wp-content\/uploads\/2023\/07\/selekta_peluqueria_cosmetica_materiales_beleza_madrid-espana_banner-complementos-producto-limpiacepillos-1.png);\" role=\"img\" aria-label=\"selekta_peluqueria_cosmetica_materiales_beleza_madrid-espana_banner-complementos-producto-limpiacepillos-1\"><\/div>\n\t\t\t\t<div class=\"elementor-cta__bg-overlay\"><\/div>\n\t\t\t<\/div>\n\t\t\t\t\t\t\t<div class=\"elementor-cta__content\">\n\t\t\t\t\n\t\t\t\t\t\t\t\t\t<h4 class=\"elementor-cta__title elementor-cta__content-item elementor-content-item\">\n\t\t\t\t\t\tComplemento do limpador de escovas\t\t\t\t\t<\/h4>\n\t\t\t\t\n\t\t\t\t\t\t\t\t\t<div class=\"elementor-cta__description elementor-cta__content-item elementor-content-item\">\n\t\t\t\t\t\t<p> <b>100% reciclado<\/b><\/p>\n<p><b>Caracter\u00edsticas:<\/b><br \/>\nNylon reciclado de redes de pesca.<br \/>\nEcol\u00f3gico.<br \/>\nAnti-est\u00e1tico.<br \/>\nCuidar das escovas sem as riscar.<br \/>\nAumento da vida \u00fatil da escova.<\/p>\n<p>Um lado com dentes grandes para remover os p\u00ealos.<br \/>\nOutro lado com dentes pequenos para remover a sujidade mais profunda.<\/p>\n\t\t\t\t\t<\/div>\n\t\t\t\t\n\t\t\t\t\t\t\t<\/div>\n\t\t\t\t\t\t<\/div>\n\t\t\t\t\t\t<\/div>\n\t\t\t\t<section class=\"elementor-section elementor-inner-section elementor-element elementor-element-8e26e9e elementor-section-full_width elementor-section-height-default elementor-section-height-default\" data-id=\"8e26e9e\" data-element_type=\"section\">\n\t\t\t\t\t\t<div class=\"elementor-container elementor-column-gap-default\">\n\t\t\t\t\t<div class=\"elementor-column elementor-col-50 elementor-inner-column elementor-element elementor-element-ba73961\" data-id=\"ba73961\" data-element_type=\"column\">\n\t\t\t<div class=\"elementor-widget-wrap elementor-element-populated\">\n\t\t\t\t\t\t<div class=\"elementor-element elementor-element-0fca9ee elementor-widget elementor-widget-image\" data-id=\"0fca9ee\" data-element_type=\"widget\" data-widget_type=\"image.default\">\n\t\t\t\t\t\t\t\t\t\t\t\t\t\t\t<img decoding=\"async\" src=\"https:\/\/selekta.es\/wp-content\/uploads\/2024\/06\/PINZA-COLORES-4.jpg\" title=\"PINZA COLORES (4)\" alt=\"PINZA COLORES (4)\" loading=\"lazy\" \/>\t\t\t\t\t\t\t\t\t\t\t\t\t\t\t<\/div>\n\t\t\t\t\t<\/div>\n\t\t<\/div>\n\t\t\t\t<div class=\"elementor-column elementor-col-50 elementor-inner-column elementor-element elementor-element-c4bc704\" data-id=\"c4bc704\" data-element_type=\"column\">\n\t\t\t<div class=\"elementor-widget-wrap elementor-element-populated\">\n\t\t\t\t\t\t<div class=\"elementor-element elementor-element-04d3d55 elementor-widget elementor-widget-image\" data-id=\"04d3d55\" data-element_type=\"widget\" data-widget_type=\"image.default\">\n\t\t\t\t\t\t\t\t\t\t\t\t\t\t\t<img decoding=\"async\" src=\"https:\/\/selekta.es\/wp-content\/uploads\/2024\/06\/PINZA-COLORES-5.jpg\" title=\"PINZA COLORES (5)\" alt=\"PINZA COLORES (5)\" loading=\"lazy\" \/>\t\t\t\t\t\t\t\t\t\t\t\t\t\t\t<\/div>\n\t\t\t\t\t<\/div>\n\t\t<\/div>\n\t\t\t\t\t<\/div>\n\t\t<\/section>\n\t\t\t\t\t<\/div>\n\t\t<\/div>\n\t\t\t\t\t<\/div>\n\t\t<\/section>\n\t\t\t\t<section class=\"elementor-section elementor-top-section elementor-element elementor-element-338b9ba elementor-section-full_width elementor-section-content-middle elementor-reverse-tablet elementor-reverse-mobile elementor-section-height-default elementor-section-height-default\" data-id=\"338b9ba\" data-element_type=\"section\" data-settings=\"{&quot;background_background&quot;:&quot;classic&quot;,&quot;shape_divider_top&quot;:&quot;opacity-tilt&quot;}\">\n\t\t\t\t\t<div class=\"elementor-shape elementor-shape-top\" data-negative=\"false\">\n\t\t\t<svg xmlns=\"http:\/\/www.w3.org\/2000\/svg\" viewBox=\"0 0 2600 131.1\" preserveAspectRatio=\"none\">\n\t<path class=\"elementor-shape-fill\" d=\"M0 0L2600 0 2600 69.1 0 0z\"\/>\n\t<path class=\"elementor-shape-fill\" style=\"opacity:0.5\" d=\"M0 0L2600 0 2600 69.1 0 69.1z\"\/>\n\t<path class=\"elementor-shape-fill\" style=\"opacity:0.25\" d=\"M2600 0L0 0 0 130.1 2600 69.1z\"\/>\n<\/svg>\t\t<\/div>\n\t\t\t\t\t<div class=\"elementor-container elementor-column-gap-no\">\n\t\t\t\t\t<div class=\"elementor-column elementor-col-100 elementor-top-column elementor-element elementor-element-da47a21\" data-id=\"da47a21\" data-element_type=\"column\">\n\t\t\t<div class=\"elementor-widget-wrap elementor-element-populated\">\n\t\t\t\t\t\t<div class=\"elementor-element elementor-element-aba42a8 elementor-widget elementor-widget-spacer\" data-id=\"aba42a8\" data-element_type=\"widget\" data-widget_type=\"spacer.default\">\n\t\t\t\t\t\t\t<div class=\"elementor-spacer\">\n\t\t\t<div class=\"elementor-spacer-inner\"><\/div>\n\t\t<\/div>\n\t\t\t\t\t\t<\/div>\n\t\t\t\t\t<\/div>\n\t\t<\/div>\n\t\t\t\t\t<\/div>\n\t\t<\/section>\n\t\t\t\t<\/div>\n\t\t","protected":false},"excerpt":{"rendered":"<p>ComplementoLimpador de escovas Beleza, cosm\u00e9tica e cuidados pessoais Complemento do limpador de escovas 100% reciclado Caracter\u00edsticas: Nylon reciclado de redes de pesca. Ecol\u00f3gico. Anti-est\u00e1tico. Cuidar das escovas sem as riscar. Aumento da vida \u00fatil da escova. Um lado com dentes grandes para remover os p\u00ealos. Outro lado com dentes pequenos para remover a sujidade mais [&hellip;]<\/p>\n","protected":false},"author":1,"featured_media":0,"parent":0,"menu_order":0,"comment_status":"closed","ping_status":"closed","template":"elementor_header_footer","meta":{"footnotes":""},"class_list":["post-1094","page","type-page","status-publish","hentry"],"yoast_head":"<!-- This site is optimized with the Yoast SEO plugin v25.1 - https:\/\/yoast.com\/wordpress\/plugins\/seo\/ -->\n<title>Complemento do limpador de escovas - Selekta<\/title>\n<meta name=\"description\" content=\"Selekta - Importador oficial de Olivia Garden Espanha e Portugal - Conhe\u00e7a o nosso limpador de escovas 100% reciclado e ecol\u00f3gico.\" \/>\n<meta name=\"robots\" content=\"index, follow, max-snippet:-1, max-image-preview:large, max-video-preview:-1\" \/>\n<link rel=\"canonical\" href=\"https:\/\/selekta.es\/pt-pt\/complemento-do-limpador-de-escovas\/\" \/>\n<meta property=\"og:locale\" content=\"pt_PT\" \/>\n<meta property=\"og:type\" content=\"article\" \/>\n<meta property=\"og:title\" content=\"Complemento do limpador de escovas - Selekta\" \/>\n<meta property=\"og:description\" content=\"Selekta - Importador oficial de Olivia Garden Espanha e Portugal - Conhe\u00e7a o nosso limpador de escovas 100% reciclado e ecol\u00f3gico.\" \/>\n<meta property=\"og:url\" content=\"https:\/\/selekta.es\/pt-pt\/complemento-do-limpador-de-escovas\/\" \/>\n<meta property=\"og:site_name\" content=\"Selekta\" \/>\n<meta property=\"article:publisher\" content=\"https:\/\/www.instagram.com\/selekta_hair_tools\/\" \/>\n<meta property=\"article:modified_time\" content=\"2024-06-14T10:57:32+00:00\" \/>\n<meta property=\"og:image\" content=\"https:\/\/selekta.es\/wp-content\/uploads\/2024\/06\/PINZA-COLORES-4.jpg\" \/>\n<meta name=\"twitter:card\" content=\"summary_large_image\" \/>\n<script type=\"application\/ld+json\" class=\"yoast-schema-graph\">{\"@context\":\"https:\/\/schema.org\",\"@graph\":[{\"@type\":\"WebPage\",\"@id\":\"https:\/\/selekta.es\/pt-pt\/complemento-do-limpador-de-escovas\/\",\"url\":\"https:\/\/selekta.es\/pt-pt\/complemento-do-limpador-de-escovas\/\",\"name\":\"Complemento do limpador de escovas - Selekta\",\"isPartOf\":{\"@id\":\"https:\/\/selekta.es\/pt-pt\/#website\"},\"primaryImageOfPage\":{\"@id\":\"https:\/\/selekta.es\/pt-pt\/complemento-do-limpador-de-escovas\/#primaryimage\"},\"image\":{\"@id\":\"https:\/\/selekta.es\/pt-pt\/complemento-do-limpador-de-escovas\/#primaryimage\"},\"thumbnailUrl\":\"https:\/\/selekta.es\/wp-content\/uploads\/2024\/06\/PINZA-COLORES-4.jpg\",\"datePublished\":\"2023-07-20T13:14:44+00:00\",\"dateModified\":\"2024-06-14T10:57:32+00:00\",\"description\":\"Selekta - Importador oficial de Olivia Garden Espanha e Portugal - Conhe\u00e7a o nosso limpador de escovas 100% reciclado e ecol\u00f3gico.\",\"breadcrumb\":{\"@id\":\"https:\/\/selekta.es\/pt-pt\/complemento-do-limpador-de-escovas\/#breadcrumb\"},\"inLanguage\":\"pt-PT\",\"potentialAction\":[{\"@type\":\"ReadAction\",\"target\":[\"https:\/\/selekta.es\/pt-pt\/complemento-do-limpador-de-escovas\/\"]}]},{\"@type\":\"ImageObject\",\"inLanguage\":\"pt-PT\",\"@id\":\"https:\/\/selekta.es\/pt-pt\/complemento-do-limpador-de-escovas\/#primaryimage\",\"url\":\"https:\/\/selekta.es\/wp-content\/uploads\/2024\/06\/PINZA-COLORES-4.jpg\",\"contentUrl\":\"https:\/\/selekta.es\/wp-content\/uploads\/2024\/06\/PINZA-COLORES-4.jpg\"},{\"@type\":\"BreadcrumbList\",\"@id\":\"https:\/\/selekta.es\/pt-pt\/complemento-do-limpador-de-escovas\/#breadcrumb\",\"itemListElement\":[{\"@type\":\"ListItem\",\"position\":1,\"name\":\"Portada\",\"item\":\"https:\/\/selekta.es\/pt-pt\/\"},{\"@type\":\"ListItem\",\"position\":2,\"name\":\"Complemento do limpador de escovas\"}]},{\"@type\":\"WebSite\",\"@id\":\"https:\/\/selekta.es\/pt-pt\/#website\",\"url\":\"https:\/\/selekta.es\/pt-pt\/\",\"name\":\"Selekta\",\"description\":\"Selekta Hair Tools\",\"publisher\":{\"@id\":\"https:\/\/selekta.es\/pt-pt\/#organization\"},\"potentialAction\":[{\"@type\":\"SearchAction\",\"target\":{\"@type\":\"EntryPoint\",\"urlTemplate\":\"https:\/\/selekta.es\/pt-pt\/?s={search_term_string}\"},\"query-input\":{\"@type\":\"PropertyValueSpecification\",\"valueRequired\":true,\"valueName\":\"search_term_string\"}}],\"inLanguage\":\"pt-PT\"},{\"@type\":\"Organization\",\"@id\":\"https:\/\/selekta.es\/pt-pt\/#organization\",\"name\":\"Selekta\",\"url\":\"https:\/\/selekta.es\/pt-pt\/\",\"logo\":{\"@type\":\"ImageObject\",\"inLanguage\":\"pt-PT\",\"@id\":\"https:\/\/selekta.es\/pt-pt\/#\/schema\/logo\/image\/\",\"url\":\"https:\/\/selekta.es\/wp-content\/uploads\/2023\/07\/selekta_peluqueria_cosmetica_materiales_beleza_madrid-espana_logo-transparente-negro-alta.png\",\"contentUrl\":\"https:\/\/selekta.es\/wp-content\/uploads\/2023\/07\/selekta_peluqueria_cosmetica_materiales_beleza_madrid-espana_logo-transparente-negro-alta.png\",\"width\":1920,\"height\":275,\"caption\":\"Selekta\"},\"image\":{\"@id\":\"https:\/\/selekta.es\/pt-pt\/#\/schema\/logo\/image\/\"},\"sameAs\":[\"https:\/\/www.instagram.com\/selekta_hair_tools\/\",\"https:\/\/es.pinterest.com\/SelektaHairAndBeauty\/\"]}]}<\/script>\n<!-- \/ Yoast SEO plugin. -->","yoast_head_json":{"title":"Complemento do limpador de escovas - Selekta","description":"Selekta - Importador oficial de Olivia Garden Espanha e Portugal - Conhe\u00e7a o nosso limpador de escovas 100% reciclado e ecol\u00f3gico.","robots":{"index":"index","follow":"follow","max-snippet":"max-snippet:-1","max-image-preview":"max-image-preview:large","max-video-preview":"max-video-preview:-1"},"canonical":"https:\/\/selekta.es\/pt-pt\/complemento-do-limpador-de-escovas\/","og_locale":"pt_PT","og_type":"article","og_title":"Complemento do limpador de escovas - Selekta","og_description":"Selekta - Importador oficial de Olivia Garden Espanha e Portugal - Conhe\u00e7a o nosso limpador de escovas 100% reciclado e ecol\u00f3gico.","og_url":"https:\/\/selekta.es\/pt-pt\/complemento-do-limpador-de-escovas\/","og_site_name":"Selekta","article_publisher":"https:\/\/www.instagram.com\/selekta_hair_tools\/","article_modified_time":"2024-06-14T10:57:32+00:00","og_image":[{"url":"https:\/\/selekta.es\/wp-content\/uploads\/2024\/06\/PINZA-COLORES-4.jpg","type":"","width":"","height":""}],"twitter_card":"summary_large_image","schema":{"@context":"https:\/\/schema.org","@graph":[{"@type":"WebPage","@id":"https:\/\/selekta.es\/pt-pt\/complemento-do-limpador-de-escovas\/","url":"https:\/\/selekta.es\/pt-pt\/complemento-do-limpador-de-escovas\/","name":"Complemento do limpador de escovas - Selekta","isPartOf":{"@id":"https:\/\/selekta.es\/pt-pt\/#website"},"primaryImageOfPage":{"@id":"https:\/\/selekta.es\/pt-pt\/complemento-do-limpador-de-escovas\/#primaryimage"},"image":{"@id":"https:\/\/selekta.es\/pt-pt\/complemento-do-limpador-de-escovas\/#primaryimage"},"thumbnailUrl":"https:\/\/selekta.es\/wp-content\/uploads\/2024\/06\/PINZA-COLORES-4.jpg","datePublished":"2023-07-20T13:14:44+00:00","dateModified":"2024-06-14T10:57:32+00:00","description":"Selekta - Importador oficial de Olivia Garden Espanha e Portugal - Conhe\u00e7a o nosso limpador de escovas 100% reciclado e ecol\u00f3gico.","breadcrumb":{"@id":"https:\/\/selekta.es\/pt-pt\/complemento-do-limpador-de-escovas\/#breadcrumb"},"inLanguage":"pt-PT","potentialAction":[{"@type":"ReadAction","target":["https:\/\/selekta.es\/pt-pt\/complemento-do-limpador-de-escovas\/"]}]},{"@type":"ImageObject","inLanguage":"pt-PT","@id":"https:\/\/selekta.es\/pt-pt\/complemento-do-limpador-de-escovas\/#primaryimage","url":"https:\/\/selekta.es\/wp-content\/uploads\/2024\/06\/PINZA-COLORES-4.jpg","contentUrl":"https:\/\/selekta.es\/wp-content\/uploads\/2024\/06\/PINZA-COLORES-4.jpg"},{"@type":"BreadcrumbList","@id":"https:\/\/selekta.es\/pt-pt\/complemento-do-limpador-de-escovas\/#breadcrumb","itemListElement":[{"@type":"ListItem","position":1,"name":"Portada","item":"https:\/\/selekta.es\/pt-pt\/"},{"@type":"ListItem","position":2,"name":"Complemento do limpador de escovas"}]},{"@type":"WebSite","@id":"https:\/\/selekta.es\/pt-pt\/#website","url":"https:\/\/selekta.es\/pt-pt\/","name":"Selekta","description":"Selekta Hair Tools","publisher":{"@id":"https:\/\/selekta.es\/pt-pt\/#organization"},"potentialAction":[{"@type":"SearchAction","target":{"@type":"EntryPoint","urlTemplate":"https:\/\/selekta.es\/pt-pt\/?s={search_term_string}"},"query-input":{"@type":"PropertyValueSpecification","valueRequired":true,"valueName":"search_term_string"}}],"inLanguage":"pt-PT"},{"@type":"Organization","@id":"https:\/\/selekta.es\/pt-pt\/#organization","name":"Selekta","url":"https:\/\/selekta.es\/pt-pt\/","logo":{"@type":"ImageObject","inLanguage":"pt-PT","@id":"https:\/\/selekta.es\/pt-pt\/#\/schema\/logo\/image\/","url":"https:\/\/selekta.es\/wp-content\/uploads\/2023\/07\/selekta_peluqueria_cosmetica_materiales_beleza_madrid-espana_logo-transparente-negro-alta.png","contentUrl":"https:\/\/selekta.es\/wp-content\/uploads\/2023\/07\/selekta_peluqueria_cosmetica_materiales_beleza_madrid-espana_logo-transparente-negro-alta.png","width":1920,"height":275,"caption":"Selekta"},"image":{"@id":"https:\/\/selekta.es\/pt-pt\/#\/schema\/logo\/image\/"},"sameAs":["https:\/\/www.instagram.com\/selekta_hair_tools\/","https:\/\/es.pinterest.com\/SelektaHairAndBeauty\/"]}]}},"_links":{"self":[{"href":"https:\/\/selekta.es\/pt-pt\/wp-json\/wp\/v2\/pages\/1094","targetHints":{"allow":["GET"]}}],"collection":[{"href":"https:\/\/selekta.es\/pt-pt\/wp-json\/wp\/v2\/pages"}],"about":[{"href":"https:\/\/selekta.es\/pt-pt\/wp-json\/wp\/v2\/types\/page"}],"author":[{"embeddable":true,"href":"https:\/\/selekta.es\/pt-pt\/wp-json\/wp\/v2\/users\/1"}],"replies":[{"embeddable":true,"href":"https:\/\/selekta.es\/pt-pt\/wp-json\/wp\/v2\/comments?post=1094"}],"version-history":[{"count":4,"href":"https:\/\/selekta.es\/pt-pt\/wp-json\/wp\/v2\/pages\/1094\/revisions"}],"predecessor-version":[{"id":1589,"href":"https:\/\/selekta.es\/pt-pt\/wp-json\/wp\/v2\/pages\/1094\/revisions\/1589"}],"wp:attachment":[{"href":"https:\/\/selekta.es\/pt-pt\/wp-json\/wp\/v2\/media?parent=1094"}],"curies":[{"name":"wp","href":"https:\/\/api.w.org\/{rel}","templated":true}]}}