{"id":1103,"date":"2023-07-19T13:31:54","date_gmt":"2023-07-19T13:31:54","guid":{"rendered":"https:\/\/selekta.es\/pincel-de-mistura-de-estilos\/"},"modified":"2024-07-12T08:38:40","modified_gmt":"2024-07-12T08:38:40","slug":"pincel-de-mistura-de-estilos","status":"publish","type":"page","link":"https:\/\/selekta.es\/pt-pt\/pincel-de-mistura-de-estilos\/","title":{"rendered":"Pincel de mistura de estilos"},"content":{"rendered":"\t\t<div data-elementor-type=\"wp-page\" data-elementor-id=\"1103\" class=\"elementor elementor-1103 elementor-486\" data-elementor-post-type=\"page\">\n\t\t\t\t\t\t<section class=\"elementor-section elementor-top-section elementor-element elementor-element-66e7648 elementor-section-full_width elementor-section-height-min-height elementor-section-items-stretch elementor-section-content-middle elementor-reverse-tablet elementor-reverse-mobile elementor-section-height-default\" data-id=\"66e7648\" data-element_type=\"section\">\n\t\t\t\t\t\t<div class=\"elementor-container elementor-column-gap-no\">\n\t\t\t\t\t<div class=\"elementor-column elementor-col-100 elementor-top-column elementor-element elementor-element-ef4e462\" data-id=\"ef4e462\" data-element_type=\"column\">\n\t\t\t<div class=\"elementor-widget-wrap elementor-element-populated\">\n\t\t\t\t\t\t<div class=\"elementor-element elementor-element-ce4bf28 elementor-widget elementor-widget-heading\" data-id=\"ce4bf28\" data-element_type=\"widget\" data-widget_type=\"heading.default\">\n\t\t\t\t\t<h1 class=\"elementor-heading-title elementor-size-default\">Escova<br>  Mistura de estilos<\/h1>\t\t\t\t<\/div>\n\t\t\t\t<div class=\"elementor-element elementor-element-5bd2e4f elementor-widget elementor-widget-text-editor\" data-id=\"5bd2e4f\" data-element_type=\"widget\" data-widget_type=\"text-editor.default\">\n\t\t\t\t\t\t\t\t\t<p>Beleza, cosm\u00e9tica e cuidados pessoais<\/p>\n\t\t\t\t\t\t\t\t<\/div>\n\t\t\t\t<div class=\"elementor-element elementor-element-38a05bf elementor-align-left elementor-widget elementor-widget-breadcrumbs\" data-id=\"38a05bf\" data-element_type=\"widget\" data-widget_type=\"breadcrumbs.default\">\n\t\t\t\t\t<p id=\"breadcrumbs\"><span><span><a href=\"https:\/\/selekta.es\/pt-pt\/\">Portada<\/a><\/span><\/span><\/p>\t\t\t\t<\/div>\n\t\t\t\t\t<\/div>\n\t\t<\/div>\n\t\t\t\t\t<\/div>\n\t\t<\/section>\n\t\t\t\t<section class=\"elementor-section elementor-top-section elementor-element elementor-element-42e81ea2 elementor-section-full_width elementor-section-height-default elementor-section-height-default\" data-id=\"42e81ea2\" data-element_type=\"section\">\n\t\t\t\t\t\t<div class=\"elementor-container elementor-column-gap-no\">\n\t\t\t\t\t<div class=\"elementor-column elementor-col-100 elementor-top-column elementor-element elementor-element-8044e43\" data-id=\"8044e43\" data-element_type=\"column\">\n\t\t\t<div class=\"elementor-widget-wrap elementor-element-populated\">\n\t\t\t\t\t\t<div class=\"elementor-element elementor-element-7731c60b elementor-cta--layout-image-left elementor-cta--valign-middle elementor-cta--mobile-layout-image-above elementor-cta--skin-classic elementor-animated-content elementor-bg-transform elementor-bg-transform-zoom-in elementor-widget elementor-widget-call-to-action\" data-id=\"7731c60b\" data-element_type=\"widget\" id=\"service_2\" data-widget_type=\"call-to-action.default\">\n\t\t\t\t\t\t\t<div class=\"elementor-cta\">\n\t\t\t\t\t<div class=\"elementor-cta__bg-wrapper\">\n\t\t\t\t<div class=\"elementor-cta__bg elementor-bg\" style=\"background-image: url(https:\/\/selekta.es\/wp-content\/uploads\/2024\/07\/STYLE-BLEND.png);\" role=\"img\" aria-label=\"STYLE BLEND\"><\/div>\n\t\t\t\t<div class=\"elementor-cta__bg-overlay\"><\/div>\n\t\t\t<\/div>\n\t\t\t\t\t\t\t<div class=\"elementor-cta__content\">\n\t\t\t\t\n\t\t\t\t\t\t\t\t\t<h4 class=\"elementor-cta__title elementor-cta__content-item elementor-content-item\">\n\t\t\t\t\t\tPincel de mistura de estilos\t\t\t\t\t<\/h4>\n\t\t\t\t\n\t\t\t\t\t\t\t\t\t<div class=\"elementor-cta__description elementor-cta__content-item elementor-content-item\">\n\t\t\t\t\t\t<p>\u00d3timo com cor.<\/p>\n<p><b>Para um resultado mais natural:<\/b><br \/>\nPermite-lhe criar esbatimentos naturais para sombras. Quando varrido, o resultado \u00e9 muito mais natural.<\/p>\n<p><b>Aplica\u00e7\u00e3o perfeita:<\/b><br \/>\nRetira o excesso de produto e distribui-o onde \u00e9 necess\u00e1rio. Garante uma aplica\u00e7\u00e3o \u00f3ptima sem desperd\u00edcio de produto.<\/p>\n<p><b>Perfeito para desembara\u00e7ar:<\/b><br \/>\nDesembara\u00e7a o cabelo ao mesmo tempo que aplica o produto. Extremamente confort\u00e1vel para o couro cabeludo e o cabelo.<\/p>\n<p><b>Cerdas de comprimento duplo:<\/b><br \/>\nPenetram facilmente no cabelo, em diferentes n\u00edveis ao mesmo tempo. Cada cerda est\u00e1 em contacto com o couro cabeludo.<\/p>\n<p><b>Minimiza o contacto do produto com a pele<\/b><br \/>\nIdeal para pessoas sens\u00edveis e al\u00e9rgicas.<\/p>\n<p><b>Muito mais f\u00e1cil e r\u00e1pido:<\/b><br \/>\nMais eficaz do que usar um pente ou as m\u00e3os.<\/p>\n<p><b>Resistente \u00e0s manchas e f\u00e1cil de limpar.<\/b><\/p>\n\t\t\t\t\t<\/div>\n\t\t\t\t\n\t\t\t\t\t\t\t<\/div>\n\t\t\t\t\t\t<\/div>\n\t\t\t\t\t\t<\/div>\n\t\t\t\t\t<\/div>\n\t\t<\/div>\n\t\t\t\t\t<\/div>\n\t\t<\/section>\n\t\t\t\t<section class=\"elementor-section elementor-top-section elementor-element elementor-element-5ec2da0 elementor-section-boxed elementor-section-height-default elementor-section-height-default\" data-id=\"5ec2da0\" data-element_type=\"section\">\n\t\t\t\t\t\t<div class=\"elementor-container elementor-column-gap-default\">\n\t\t\t\t\t<div class=\"elementor-column elementor-col-100 elementor-top-column elementor-element elementor-element-e50dfd8\" data-id=\"e50dfd8\" data-element_type=\"column\">\n\t\t\t<div class=\"elementor-widget-wrap elementor-element-populated\">\n\t\t\t\t\t\t<div class=\"elementor-element elementor-element-2b63b12 elementor-widget elementor-widget-image\" data-id=\"2b63b12\" data-element_type=\"widget\" data-widget_type=\"image.default\">\n\t\t\t\t\t\t\t\t\t\t\t\t\t\t\t<img fetchpriority=\"high\" decoding=\"async\" width=\"800\" height=\"564\" src=\"https:\/\/selekta.es\/wp-content\/uploads\/2024\/06\/iBLEND-WEB-1024x722.png\" class=\"attachment-large size-large wp-image-1487\" alt=\"\" srcset=\"https:\/\/selekta.es\/wp-content\/uploads\/2024\/06\/iBLEND-WEB-1024x722.png 1024w, https:\/\/selekta.es\/wp-content\/uploads\/2024\/06\/iBLEND-WEB-300x212.png 300w, https:\/\/selekta.es\/wp-content\/uploads\/2024\/06\/iBLEND-WEB-768x541.png 768w, https:\/\/selekta.es\/wp-content\/uploads\/2024\/06\/iBLEND-WEB-1536x1083.png 1536w, https:\/\/selekta.es\/wp-content\/uploads\/2024\/06\/iBLEND-WEB-1568x1105.png 1568w, https:\/\/selekta.es\/wp-content\/uploads\/2024\/06\/iBLEND-WEB.png 2000w\" sizes=\"(max-width: 800px) 100vw, 800px\" \/>\t\t\t\t\t\t\t\t\t\t\t\t\t\t\t<\/div>\n\t\t\t\t\t<\/div>\n\t\t<\/div>\n\t\t\t\t\t<\/div>\n\t\t<\/section>\n\t\t\t\t<section class=\"elementor-section elementor-top-section elementor-element elementor-element-338b9ba elementor-section-full_width elementor-section-content-middle elementor-reverse-tablet elementor-reverse-mobile elementor-section-height-default elementor-section-height-default\" data-id=\"338b9ba\" data-element_type=\"section\" data-settings=\"{&quot;background_background&quot;:&quot;classic&quot;,&quot;shape_divider_top&quot;:&quot;opacity-tilt&quot;}\">\n\t\t\t\t\t<div class=\"elementor-shape elementor-shape-top\" data-negative=\"false\">\n\t\t\t<svg xmlns=\"http:\/\/www.w3.org\/2000\/svg\" viewBox=\"0 0 2600 131.1\" preserveAspectRatio=\"none\">\n\t<path class=\"elementor-shape-fill\" d=\"M0 0L2600 0 2600 69.1 0 0z\"\/>\n\t<path class=\"elementor-shape-fill\" style=\"opacity:0.5\" d=\"M0 0L2600 0 2600 69.1 0 69.1z\"\/>\n\t<path class=\"elementor-shape-fill\" style=\"opacity:0.25\" d=\"M2600 0L0 0 0 130.1 2600 69.1z\"\/>\n<\/svg>\t\t<\/div>\n\t\t\t\t\t<div class=\"elementor-container elementor-column-gap-no\">\n\t\t\t\t\t<div class=\"elementor-column elementor-col-100 elementor-top-column elementor-element elementor-element-da47a21\" data-id=\"da47a21\" data-element_type=\"column\">\n\t\t\t<div class=\"elementor-widget-wrap elementor-element-populated\">\n\t\t\t\t\t\t<div class=\"elementor-element elementor-element-aba42a8 elementor-widget elementor-widget-spacer\" data-id=\"aba42a8\" data-element_type=\"widget\" data-widget_type=\"spacer.default\">\n\t\t\t\t\t\t\t<div class=\"elementor-spacer\">\n\t\t\t<div class=\"elementor-spacer-inner\"><\/div>\n\t\t<\/div>\n\t\t\t\t\t\t<\/div>\n\t\t\t\t\t<\/div>\n\t\t<\/div>\n\t\t\t\t\t<\/div>\n\t\t<\/section>\n\t\t\t\t<\/div>\n\t\t","protected":false},"excerpt":{"rendered":"<p>Escova Mistura de estilos Beleza, cosm\u00e9tica e cuidados pessoais Pincel de mistura de estilos \u00d3timo com cor. Para um resultado mais natural: Permite-lhe criar esbatimentos naturais para sombras. Quando varrido, o resultado \u00e9 muito mais natural. Aplica\u00e7\u00e3o perfeita: Retira o excesso de produto e distribui-o onde \u00e9 necess\u00e1rio. Garante uma aplica\u00e7\u00e3o \u00f3ptima sem desperd\u00edcio de [&hellip;]<\/p>\n","protected":false},"author":1,"featured_media":0,"parent":0,"menu_order":0,"comment_status":"closed","ping_status":"closed","template":"elementor_header_footer","meta":{"footnotes":""},"class_list":["post-1103","page","type-page","status-publish","hentry"],"yoast_head":"<!-- This site is optimized with the Yoast SEO plugin v25.1 - https:\/\/yoast.com\/wordpress\/plugins\/seo\/ -->\n<title>Pincel de mistura de estilos - Selekta<\/title>\n<meta name=\"description\" content=\"Selekta - Importador oficial de Olivia Garden Espanha e Portugal - Conhe\u00e7a o nosso pincel Style Blend espec\u00edfico para trabalhos com cor.\" \/>\n<meta name=\"robots\" content=\"index, follow, max-snippet:-1, max-image-preview:large, max-video-preview:-1\" \/>\n<link rel=\"canonical\" href=\"https:\/\/selekta.es\/pt-pt\/pincel-de-mistura-de-estilos\/\" \/>\n<meta property=\"og:locale\" content=\"pt_PT\" \/>\n<meta property=\"og:type\" content=\"article\" \/>\n<meta property=\"og:title\" content=\"Pincel de mistura de estilos - Selekta\" \/>\n<meta property=\"og:description\" content=\"Selekta - Importador oficial de Olivia Garden Espanha e Portugal - Conhe\u00e7a o nosso pincel Style Blend espec\u00edfico para trabalhos com cor.\" \/>\n<meta property=\"og:url\" content=\"https:\/\/selekta.es\/pt-pt\/pincel-de-mistura-de-estilos\/\" \/>\n<meta property=\"og:site_name\" content=\"Selekta\" \/>\n<meta property=\"article:publisher\" content=\"https:\/\/www.instagram.com\/selekta_hair_tools\/\" \/>\n<meta property=\"article:modified_time\" content=\"2024-07-12T08:38:40+00:00\" \/>\n<meta property=\"og:image\" content=\"https:\/\/selekta.es\/wp-content\/uploads\/2024\/06\/iBLEND-WEB-1024x722.png\" \/>\n<meta name=\"twitter:card\" content=\"summary_large_image\" \/>\n<meta name=\"twitter:label1\" content=\"Tempo estimado de leitura\" \/>\n\t<meta name=\"twitter:data1\" content=\"1 minuto\" \/>\n<script type=\"application\/ld+json\" class=\"yoast-schema-graph\">{\"@context\":\"https:\/\/schema.org\",\"@graph\":[{\"@type\":\"WebPage\",\"@id\":\"https:\/\/selekta.es\/pt-pt\/pincel-de-mistura-de-estilos\/\",\"url\":\"https:\/\/selekta.es\/pt-pt\/pincel-de-mistura-de-estilos\/\",\"name\":\"Pincel de mistura de estilos - Selekta\",\"isPartOf\":{\"@id\":\"https:\/\/selekta.es\/pt-pt\/#website\"},\"primaryImageOfPage\":{\"@id\":\"https:\/\/selekta.es\/pt-pt\/pincel-de-mistura-de-estilos\/#primaryimage\"},\"image\":{\"@id\":\"https:\/\/selekta.es\/pt-pt\/pincel-de-mistura-de-estilos\/#primaryimage\"},\"thumbnailUrl\":\"https:\/\/selekta.es\/wp-content\/uploads\/2024\/06\/iBLEND-WEB-1024x722.png\",\"datePublished\":\"2023-07-19T13:31:54+00:00\",\"dateModified\":\"2024-07-12T08:38:40+00:00\",\"description\":\"Selekta - Importador oficial de Olivia Garden Espanha e Portugal - Conhe\u00e7a o nosso pincel Style Blend espec\u00edfico para trabalhos com cor.\",\"breadcrumb\":{\"@id\":\"https:\/\/selekta.es\/pt-pt\/pincel-de-mistura-de-estilos\/#breadcrumb\"},\"inLanguage\":\"pt-PT\",\"potentialAction\":[{\"@type\":\"ReadAction\",\"target\":[\"https:\/\/selekta.es\/pt-pt\/pincel-de-mistura-de-estilos\/\"]}]},{\"@type\":\"ImageObject\",\"inLanguage\":\"pt-PT\",\"@id\":\"https:\/\/selekta.es\/pt-pt\/pincel-de-mistura-de-estilos\/#primaryimage\",\"url\":\"https:\/\/selekta.es\/wp-content\/uploads\/2024\/06\/iBLEND-WEB-1024x722.png\",\"contentUrl\":\"https:\/\/selekta.es\/wp-content\/uploads\/2024\/06\/iBLEND-WEB-1024x722.png\"},{\"@type\":\"BreadcrumbList\",\"@id\":\"https:\/\/selekta.es\/pt-pt\/pincel-de-mistura-de-estilos\/#breadcrumb\",\"itemListElement\":[{\"@type\":\"ListItem\",\"position\":1,\"name\":\"Portada\",\"item\":\"https:\/\/selekta.es\/pt-pt\/\"},{\"@type\":\"ListItem\",\"position\":2,\"name\":\"Pincel de mistura de estilos\"}]},{\"@type\":\"WebSite\",\"@id\":\"https:\/\/selekta.es\/pt-pt\/#website\",\"url\":\"https:\/\/selekta.es\/pt-pt\/\",\"name\":\"Selekta\",\"description\":\"Selekta Hair Tools\",\"publisher\":{\"@id\":\"https:\/\/selekta.es\/pt-pt\/#organization\"},\"potentialAction\":[{\"@type\":\"SearchAction\",\"target\":{\"@type\":\"EntryPoint\",\"urlTemplate\":\"https:\/\/selekta.es\/pt-pt\/?s={search_term_string}\"},\"query-input\":{\"@type\":\"PropertyValueSpecification\",\"valueRequired\":true,\"valueName\":\"search_term_string\"}}],\"inLanguage\":\"pt-PT\"},{\"@type\":\"Organization\",\"@id\":\"https:\/\/selekta.es\/pt-pt\/#organization\",\"name\":\"Selekta\",\"url\":\"https:\/\/selekta.es\/pt-pt\/\",\"logo\":{\"@type\":\"ImageObject\",\"inLanguage\":\"pt-PT\",\"@id\":\"https:\/\/selekta.es\/pt-pt\/#\/schema\/logo\/image\/\",\"url\":\"https:\/\/selekta.es\/wp-content\/uploads\/2023\/07\/selekta_peluqueria_cosmetica_materiales_beleza_madrid-espana_logo-transparente-negro-alta.png\",\"contentUrl\":\"https:\/\/selekta.es\/wp-content\/uploads\/2023\/07\/selekta_peluqueria_cosmetica_materiales_beleza_madrid-espana_logo-transparente-negro-alta.png\",\"width\":1920,\"height\":275,\"caption\":\"Selekta\"},\"image\":{\"@id\":\"https:\/\/selekta.es\/pt-pt\/#\/schema\/logo\/image\/\"},\"sameAs\":[\"https:\/\/www.instagram.com\/selekta_hair_tools\/\",\"https:\/\/es.pinterest.com\/SelektaHairAndBeauty\/\"]}]}<\/script>\n<!-- \/ Yoast SEO plugin. -->","yoast_head_json":{"title":"Pincel de mistura de estilos - Selekta","description":"Selekta - Importador oficial de Olivia Garden Espanha e Portugal - Conhe\u00e7a o nosso pincel Style Blend espec\u00edfico para trabalhos com cor.","robots":{"index":"index","follow":"follow","max-snippet":"max-snippet:-1","max-image-preview":"max-image-preview:large","max-video-preview":"max-video-preview:-1"},"canonical":"https:\/\/selekta.es\/pt-pt\/pincel-de-mistura-de-estilos\/","og_locale":"pt_PT","og_type":"article","og_title":"Pincel de mistura de estilos - Selekta","og_description":"Selekta - Importador oficial de Olivia Garden Espanha e Portugal - Conhe\u00e7a o nosso pincel Style Blend espec\u00edfico para trabalhos com cor.","og_url":"https:\/\/selekta.es\/pt-pt\/pincel-de-mistura-de-estilos\/","og_site_name":"Selekta","article_publisher":"https:\/\/www.instagram.com\/selekta_hair_tools\/","article_modified_time":"2024-07-12T08:38:40+00:00","og_image":[{"url":"https:\/\/selekta.es\/wp-content\/uploads\/2024\/06\/iBLEND-WEB-1024x722.png","type":"","width":"","height":""}],"twitter_card":"summary_large_image","twitter_misc":{"Tempo estimado de leitura":"1 minuto"},"schema":{"@context":"https:\/\/schema.org","@graph":[{"@type":"WebPage","@id":"https:\/\/selekta.es\/pt-pt\/pincel-de-mistura-de-estilos\/","url":"https:\/\/selekta.es\/pt-pt\/pincel-de-mistura-de-estilos\/","name":"Pincel de mistura de estilos - Selekta","isPartOf":{"@id":"https:\/\/selekta.es\/pt-pt\/#website"},"primaryImageOfPage":{"@id":"https:\/\/selekta.es\/pt-pt\/pincel-de-mistura-de-estilos\/#primaryimage"},"image":{"@id":"https:\/\/selekta.es\/pt-pt\/pincel-de-mistura-de-estilos\/#primaryimage"},"thumbnailUrl":"https:\/\/selekta.es\/wp-content\/uploads\/2024\/06\/iBLEND-WEB-1024x722.png","datePublished":"2023-07-19T13:31:54+00:00","dateModified":"2024-07-12T08:38:40+00:00","description":"Selekta - Importador oficial de Olivia Garden Espanha e Portugal - Conhe\u00e7a o nosso pincel Style Blend espec\u00edfico para trabalhos com cor.","breadcrumb":{"@id":"https:\/\/selekta.es\/pt-pt\/pincel-de-mistura-de-estilos\/#breadcrumb"},"inLanguage":"pt-PT","potentialAction":[{"@type":"ReadAction","target":["https:\/\/selekta.es\/pt-pt\/pincel-de-mistura-de-estilos\/"]}]},{"@type":"ImageObject","inLanguage":"pt-PT","@id":"https:\/\/selekta.es\/pt-pt\/pincel-de-mistura-de-estilos\/#primaryimage","url":"https:\/\/selekta.es\/wp-content\/uploads\/2024\/06\/iBLEND-WEB-1024x722.png","contentUrl":"https:\/\/selekta.es\/wp-content\/uploads\/2024\/06\/iBLEND-WEB-1024x722.png"},{"@type":"BreadcrumbList","@id":"https:\/\/selekta.es\/pt-pt\/pincel-de-mistura-de-estilos\/#breadcrumb","itemListElement":[{"@type":"ListItem","position":1,"name":"Portada","item":"https:\/\/selekta.es\/pt-pt\/"},{"@type":"ListItem","position":2,"name":"Pincel de mistura de estilos"}]},{"@type":"WebSite","@id":"https:\/\/selekta.es\/pt-pt\/#website","url":"https:\/\/selekta.es\/pt-pt\/","name":"Selekta","description":"Selekta Hair Tools","publisher":{"@id":"https:\/\/selekta.es\/pt-pt\/#organization"},"potentialAction":[{"@type":"SearchAction","target":{"@type":"EntryPoint","urlTemplate":"https:\/\/selekta.es\/pt-pt\/?s={search_term_string}"},"query-input":{"@type":"PropertyValueSpecification","valueRequired":true,"valueName":"search_term_string"}}],"inLanguage":"pt-PT"},{"@type":"Organization","@id":"https:\/\/selekta.es\/pt-pt\/#organization","name":"Selekta","url":"https:\/\/selekta.es\/pt-pt\/","logo":{"@type":"ImageObject","inLanguage":"pt-PT","@id":"https:\/\/selekta.es\/pt-pt\/#\/schema\/logo\/image\/","url":"https:\/\/selekta.es\/wp-content\/uploads\/2023\/07\/selekta_peluqueria_cosmetica_materiales_beleza_madrid-espana_logo-transparente-negro-alta.png","contentUrl":"https:\/\/selekta.es\/wp-content\/uploads\/2023\/07\/selekta_peluqueria_cosmetica_materiales_beleza_madrid-espana_logo-transparente-negro-alta.png","width":1920,"height":275,"caption":"Selekta"},"image":{"@id":"https:\/\/selekta.es\/pt-pt\/#\/schema\/logo\/image\/"},"sameAs":["https:\/\/www.instagram.com\/selekta_hair_tools\/","https:\/\/es.pinterest.com\/SelektaHairAndBeauty\/"]}]}},"_links":{"self":[{"href":"https:\/\/selekta.es\/pt-pt\/wp-json\/wp\/v2\/pages\/1103","targetHints":{"allow":["GET"]}}],"collection":[{"href":"https:\/\/selekta.es\/pt-pt\/wp-json\/wp\/v2\/pages"}],"about":[{"href":"https:\/\/selekta.es\/pt-pt\/wp-json\/wp\/v2\/types\/page"}],"author":[{"embeddable":true,"href":"https:\/\/selekta.es\/pt-pt\/wp-json\/wp\/v2\/users\/1"}],"replies":[{"embeddable":true,"href":"https:\/\/selekta.es\/pt-pt\/wp-json\/wp\/v2\/comments?post=1103"}],"version-history":[{"count":4,"href":"https:\/\/selekta.es\/pt-pt\/wp-json\/wp\/v2\/pages\/1103\/revisions"}],"predecessor-version":[{"id":2276,"href":"https:\/\/selekta.es\/pt-pt\/wp-json\/wp\/v2\/pages\/1103\/revisions\/2276"}],"wp:attachment":[{"href":"https:\/\/selekta.es\/pt-pt\/wp-json\/wp\/v2\/media?parent=1103"}],"curies":[{"name":"wp","href":"https:\/\/api.w.org\/{rel}","templated":true}]}}