{"id":1981,"date":"2024-07-01T09:29:07","date_gmt":"2024-07-01T09:29:07","guid":{"rendered":"https:\/\/selekta.es\/?page_id=1981"},"modified":"2024-07-01T09:30:57","modified_gmt":"2024-07-01T09:30:57","slug":"tesoura-de-corte-de-seda-6","status":"publish","type":"page","link":"https:\/\/selekta.es\/pt-pt\/tesoura-de-corte-de-seda-6\/","title":{"rendered":"Tesoura de corte de seda"},"content":{"rendered":"\t\t<div data-elementor-type=\"wp-page\" data-elementor-id=\"1981\" class=\"elementor elementor-1981 elementor-1980\" data-elementor-post-type=\"page\">\n\t\t\t\t\t\t<section class=\"elementor-section elementor-top-section elementor-element elementor-element-66e7648 elementor-section-full_width elementor-section-height-min-height elementor-section-items-stretch elementor-section-content-middle elementor-reverse-tablet elementor-reverse-mobile elementor-section-height-default\" data-id=\"66e7648\" data-element_type=\"section\">\n\t\t\t\t\t\t<div class=\"elementor-container elementor-column-gap-no\">\n\t\t\t\t\t<div class=\"elementor-column elementor-col-100 elementor-top-column elementor-element elementor-element-ef4e462\" data-id=\"ef4e462\" data-element_type=\"column\">\n\t\t\t<div class=\"elementor-widget-wrap elementor-element-populated\">\n\t\t\t\t\t\t<div class=\"elementor-element elementor-element-ce4bf28 elementor-widget elementor-widget-heading\" data-id=\"ce4bf28\" data-element_type=\"widget\" data-widget_type=\"heading.default\">\n\t\t\t\t\t<h1 class=\"elementor-heading-title elementor-size-default\">Tesoura<br>Corte de seda<\/h1>\t\t\t\t<\/div>\n\t\t\t\t<div class=\"elementor-element elementor-element-5bd2e4f elementor-widget elementor-widget-text-editor\" data-id=\"5bd2e4f\" data-element_type=\"widget\" data-widget_type=\"text-editor.default\">\n\t\t\t\t\t\t\t\t\t<p>Beleza, cosm\u00e9tica e cuidados pessoais<\/p>\n\t\t\t\t\t\t\t\t<\/div>\n\t\t\t\t<div class=\"elementor-element elementor-element-ea974d2 elementor-align-left elementor-widget elementor-widget-breadcrumbs\" data-id=\"ea974d2\" data-element_type=\"widget\" data-widget_type=\"breadcrumbs.default\">\n\t\t\t\t\t<p id=\"breadcrumbs\"><span><span><a href=\"https:\/\/selekta.es\/pt-pt\/\">Portada<\/a><\/span><\/span><\/p>\t\t\t\t<\/div>\n\t\t\t\t\t<\/div>\n\t\t<\/div>\n\t\t\t\t\t<\/div>\n\t\t<\/section>\n\t\t\t\t<section class=\"elementor-section elementor-top-section elementor-element elementor-element-42e81ea2 elementor-section-full_width elementor-hidden-desktop elementor-hidden-tablet elementor-hidden-mobile elementor-section-height-default elementor-section-height-default\" data-id=\"42e81ea2\" data-element_type=\"section\">\n\t\t\t\t\t\t<div class=\"elementor-container elementor-column-gap-no\">\n\t\t\t\t\t<div class=\"elementor-column elementor-col-50 elementor-top-column elementor-element elementor-element-8044e43\" data-id=\"8044e43\" data-element_type=\"column\">\n\t\t\t<div class=\"elementor-widget-wrap elementor-element-populated\">\n\t\t\t\t\t\t<div class=\"elementor-element elementor-element-e095c8e elementor-widget elementor-widget-image\" data-id=\"e095c8e\" data-element_type=\"widget\" data-widget_type=\"image.default\">\n\t\t\t\t\t\t\t\t\t\t\t\t\t\t\t<img decoding=\"async\" src=\"https:\/\/selekta.es\/wp-content\/uploads\/2023\/07\/selekta_peluqueria_cosmetica_materiales_beleza_madrid-espana_banner-tijeras-producto-silkcut.png\" title=\"selekta_peluqueria_cosmetica_materiales_beleza_madrid-espana_banner-tijeras-producto-silkcut\" alt=\"selekta_peluqueria_cosmetica_materiales_beleza_madrid-espana_banner-tijeras-producto-silkcut\" loading=\"lazy\" \/>\t\t\t\t\t\t\t\t\t\t\t\t\t\t\t<\/div>\n\t\t\t\t\t<\/div>\n\t\t<\/div>\n\t\t\t\t<div class=\"elementor-column elementor-col-50 elementor-top-column elementor-element elementor-element-d7e893c\" data-id=\"d7e893c\" data-element_type=\"column\">\n\t\t\t<div class=\"elementor-widget-wrap elementor-element-populated\">\n\t\t\t\t\t\t<div class=\"elementor-element elementor-element-2fbe18a elementor-widget elementor-widget-heading\" data-id=\"2fbe18a\" data-element_type=\"widget\" data-widget_type=\"heading.default\">\n\t\t\t\t\t<h2 class=\"elementor-heading-title elementor-size-default\">Tijera Silkcut<\/h2>\t\t\t\t<\/div>\n\t\t\t\t<div class=\"elementor-element elementor-element-a7154ac elementor-widget elementor-widget-text-editor\" data-id=\"a7154ac\" data-element_type=\"widget\" data-widget_type=\"text-editor.default\">\n\t\t\t\t\t\t\t\t\t<p><strong>Potente afilado de hoja convexa:<\/strong><\/p>\n<p>Borde de hoja ultra-afilada a mano para un corte sin esfuerzo.<\/p>\n<p>Aleaci\u00f3n de acero reforzado para<br \/>mayor resistencia. HRC 61<\/p>\n<p><strong>Micro rueda de tensi\u00f3n:<\/strong><\/p>\n<p>Resorte en ballesta con marcas en el disco para una precisi\u00f3n de la tensi\u00f3n adicional.<\/p>\n<p><strong>Mango ergon\u00f3mico:<\/strong><\/p>\n<p>Empu\u00f1adura angular, confort con<br \/>curvatura especial para el pulgar.<\/p>\n<p>Mantiene la mano relajada en<br \/>posici\u00f3n natural abierta.<\/p>\n\t\t\t\t\t\t\t\t<\/div>\n\t\t\t\t\t<\/div>\n\t\t<\/div>\n\t\t\t\t\t<\/div>\n\t\t<\/section>\n\t\t\t\t<section class=\"elementor-section elementor-top-section elementor-element elementor-element-4df783d elementor-section-full_width elementor-section-height-default elementor-section-height-default\" data-id=\"4df783d\" data-element_type=\"section\">\n\t\t\t\t\t\t<div class=\"elementor-container elementor-column-gap-no\">\n\t\t\t\t\t<div class=\"elementor-column elementor-col-100 elementor-top-column elementor-element elementor-element-a0b442a\" data-id=\"a0b442a\" data-element_type=\"column\">\n\t\t\t<div class=\"elementor-widget-wrap elementor-element-populated\">\n\t\t\t\t\t\t<div class=\"elementor-element elementor-element-e361901 elementor-position-left elementor-hidden-desktop elementor-hidden-tablet elementor-hidden-mobile elementor-vertical-align-top elementor-widget elementor-widget-image-box\" data-id=\"e361901\" data-element_type=\"widget\" data-widget_type=\"image-box.default\">\n\t\t\t\t\t<div class=\"elementor-image-box-wrapper\"><figure class=\"elementor-image-box-img\"><img decoding=\"async\" src=\"https:\/\/selekta.es\/wp-content\/uploads\/2023\/07\/selekta_peluqueria_cosmetica_materiales_beleza_madrid-espana_banner-tijeras-producto-silkcut.png\" title=\"selekta_peluqueria_cosmetica_materiales_beleza_madrid-espana_banner-tijeras-producto-silkcut\" alt=\"selekta_peluqueria_cosmetica_materiales_beleza_madrid-espana_banner-tijeras-producto-silkcut\" loading=\"lazy\" \/><\/figure><div class=\"elementor-image-box-content\"><h3 class=\"elementor-image-box-title\">Tijera Silkcut<\/h3><p class=\"elementor-image-box-description\"><br><b>Potente afilado de hoja convexa:<\/b>\n<br>\nBorde de hoja ultra-afilada a mano para un corte sin esfuerzo.\n<br><br>\nAleaci\u00f3n de acero reforzado para\nmayor resistencia. HRC 61\n<br><br>\n<b>Micro rueda de tensi\u00f3n:<\/b>\n<br>\nResorte en ballesta con marcas en el disco para una precisi\u00f3n de la tensi\u00f3n adicional.\n<br><br>\n<b>Mango ergon\u00f3mico:<\/b>\n<br>\nEmpu\u00f1adura angular, confort con\ncurvatura especial para el pulgar.\n<br><br>\nMantiene la mano relajada en\n posici\u00f3n natural abierta.\n\n\n \n<\/p><\/div><\/div>\t\t\t\t<\/div>\n\t\t\t\t<div class=\"elementor-element elementor-element-54796a2 elementor-cta--layout-image-left elementor-cta--valign-middle elementor-cta--mobile-layout-image-above elementor-cta--skin-classic elementor-animated-content elementor-bg-transform elementor-bg-transform-zoom-in elementor-widget elementor-widget-call-to-action\" data-id=\"54796a2\" data-element_type=\"widget\" data-widget_type=\"call-to-action.default\">\n\t\t\t\t\t\t\t<div class=\"elementor-cta\">\n\t\t\t\t\t<div class=\"elementor-cta__bg-wrapper\">\n\t\t\t\t<div class=\"elementor-cta__bg elementor-bg\" style=\"background-image: url(https:\/\/selekta.es\/wp-content\/uploads\/2023\/07\/selekta_peluqueria_cosmetica_materiales_beleza_madrid-espana_banner-tijeras-producto-silkcut.png);\" role=\"img\" aria-label=\"selekta_peluqueria_cosmetica_materiales_beleza_madrid-espana_banner-tijeras-producto-silkcut\"><\/div>\n\t\t\t\t<div class=\"elementor-cta__bg-overlay\"><\/div>\n\t\t\t<\/div>\n\t\t\t\t\t\t\t<div class=\"elementor-cta__content\">\n\t\t\t\t\n\t\t\t\t\t\t\t\t\t<h4 class=\"elementor-cta__title elementor-cta__content-item elementor-content-item\">\n\t\t\t\t\t\tTijera Silkcut\t\t\t\t\t<\/h4>\n\t\t\t\t\n\t\t\t\t\t\t\t\t\t<div class=\"elementor-cta__description elementor-cta__content-item elementor-content-item\">\n\t\t\t\t\t\t<p><b>Potente afilado de hoja convexa:<\/b><br \/>\n<br \/>\nBorde de hoja ultra-afilada a mano para un corte sin esfuerzo.<\/p>\n<p>Aleaci\u00f3n de acero reforzado para<br \/>\nmayor resistencia. HRC 61<\/p>\n<p><b>Micro rueda de tensi\u00f3n:<\/b><br \/>\n<br \/>\nResorte en ballesta con marcas en el disco para una precisi\u00f3n de la tensi\u00f3n adicional.<\/p>\n<p><b>Mango ergon\u00f3mico:<\/b><br \/>\n<br \/>\nEmpu\u00f1adura angular, confort con<br \/>\ncurvatura especial para el pulgar.<\/p>\n<p>Mantiene la mano relajada en<br \/>\n posici\u00f3n natural abierta.<\/p>\n\t\t\t\t\t<\/div>\n\t\t\t\t\n\t\t\t\t\t\t\t<\/div>\n\t\t\t\t\t\t<\/div>\n\t\t\t\t\t\t<\/div>\n\t\t\t\t\t<\/div>\n\t\t<\/div>\n\t\t\t\t\t<\/div>\n\t\t<\/section>\n\t\t\t\t<section class=\"elementor-section elementor-top-section elementor-element elementor-element-1b84596 elementor-section-boxed elementor-section-height-default elementor-section-height-default\" data-id=\"1b84596\" data-element_type=\"section\">\n\t\t\t\t\t\t<div class=\"elementor-container elementor-column-gap-default\">\n\t\t\t\t\t<div class=\"elementor-column elementor-col-100 elementor-top-column elementor-element elementor-element-6317598\" data-id=\"6317598\" data-element_type=\"column\">\n\t\t\t<div class=\"elementor-widget-wrap elementor-element-populated\">\n\t\t\t\t\t\t<section class=\"elementor-section elementor-inner-section elementor-element elementor-element-82c6f0a elementor-section-boxed elementor-section-height-default elementor-section-height-default\" data-id=\"82c6f0a\" data-element_type=\"section\">\n\t\t\t\t\t\t<div class=\"elementor-container elementor-column-gap-default\">\n\t\t\t\t\t<div class=\"elementor-column elementor-col-50 elementor-inner-column elementor-element elementor-element-a02fcf7\" data-id=\"a02fcf7\" data-element_type=\"column\">\n\t\t\t<div class=\"elementor-widget-wrap elementor-element-populated\">\n\t\t\t\t\t\t<div class=\"elementor-element elementor-element-25acc14 elementor-widget elementor-widget-image\" data-id=\"25acc14\" data-element_type=\"widget\" data-widget_type=\"image.default\">\n\t\t\t\t\t\t\t\t\t\t\t\t\t\t\t<img fetchpriority=\"high\" decoding=\"async\" width=\"800\" height=\"450\" src=\"https:\/\/selekta.es\/wp-content\/uploads\/2023\/07\/selekta_peluqueria_cosmetica_materiales_beleza_madrid-espana_banner-tijeras-producto-silkcut-2-1024x576.png\" class=\"attachment-large size-large wp-image-1056\" alt=\"\" srcset=\"https:\/\/selekta.es\/wp-content\/uploads\/2023\/07\/selekta_peluqueria_cosmetica_materiales_beleza_madrid-espana_banner-tijeras-producto-silkcut-2-1024x576.png 1024w, https:\/\/selekta.es\/wp-content\/uploads\/2023\/07\/selekta_peluqueria_cosmetica_materiales_beleza_madrid-espana_banner-tijeras-producto-silkcut-2-300x169.png 300w, https:\/\/selekta.es\/wp-content\/uploads\/2023\/07\/selekta_peluqueria_cosmetica_materiales_beleza_madrid-espana_banner-tijeras-producto-silkcut-2-768x432.png 768w, https:\/\/selekta.es\/wp-content\/uploads\/2023\/07\/selekta_peluqueria_cosmetica_materiales_beleza_madrid-espana_banner-tijeras-producto-silkcut-2-1536x864.png 1536w, https:\/\/selekta.es\/wp-content\/uploads\/2023\/07\/selekta_peluqueria_cosmetica_materiales_beleza_madrid-espana_banner-tijeras-producto-silkcut-2-1568x882.png 1568w, https:\/\/selekta.es\/wp-content\/uploads\/2023\/07\/selekta_peluqueria_cosmetica_materiales_beleza_madrid-espana_banner-tijeras-producto-silkcut-2.png 1920w\" sizes=\"(max-width: 800px) 100vw, 800px\" \/>\t\t\t\t\t\t\t\t\t\t\t\t\t\t\t<\/div>\n\t\t\t\t\t<\/div>\n\t\t<\/div>\n\t\t\t\t<div class=\"elementor-column elementor-col-50 elementor-inner-column elementor-element elementor-element-d705591\" data-id=\"d705591\" data-element_type=\"column\">\n\t\t\t<div class=\"elementor-widget-wrap elementor-element-populated\">\n\t\t\t\t\t\t<div class=\"elementor-element elementor-element-9cd192e elementor-widget elementor-widget-image\" data-id=\"9cd192e\" data-element_type=\"widget\" data-widget_type=\"image.default\">\n\t\t\t\t\t\t\t\t\t\t\t\t\t\t\t<img decoding=\"async\" width=\"800\" height=\"450\" src=\"https:\/\/selekta.es\/wp-content\/uploads\/2023\/07\/selekta_peluqueria_cosmetica_materiales_beleza_madrid-espana_banner-tijeras-producto-silkcut-1-1024x576.png\" class=\"attachment-large size-large wp-image-1057\" alt=\"\" srcset=\"https:\/\/selekta.es\/wp-content\/uploads\/2023\/07\/selekta_peluqueria_cosmetica_materiales_beleza_madrid-espana_banner-tijeras-producto-silkcut-1-1024x576.png 1024w, https:\/\/selekta.es\/wp-content\/uploads\/2023\/07\/selekta_peluqueria_cosmetica_materiales_beleza_madrid-espana_banner-tijeras-producto-silkcut-1-300x169.png 300w, https:\/\/selekta.es\/wp-content\/uploads\/2023\/07\/selekta_peluqueria_cosmetica_materiales_beleza_madrid-espana_banner-tijeras-producto-silkcut-1-768x432.png 768w, https:\/\/selekta.es\/wp-content\/uploads\/2023\/07\/selekta_peluqueria_cosmetica_materiales_beleza_madrid-espana_banner-tijeras-producto-silkcut-1-1536x864.png 1536w, https:\/\/selekta.es\/wp-content\/uploads\/2023\/07\/selekta_peluqueria_cosmetica_materiales_beleza_madrid-espana_banner-tijeras-producto-silkcut-1-1568x882.png 1568w, https:\/\/selekta.es\/wp-content\/uploads\/2023\/07\/selekta_peluqueria_cosmetica_materiales_beleza_madrid-espana_banner-tijeras-producto-silkcut-1.png 1920w\" sizes=\"(max-width: 800px) 100vw, 800px\" \/>\t\t\t\t\t\t\t\t\t\t\t\t\t\t\t<\/div>\n\t\t\t\t\t<\/div>\n\t\t<\/div>\n\t\t\t\t\t<\/div>\n\t\t<\/section>\n\t\t\t\t\t<\/div>\n\t\t<\/div>\n\t\t\t\t\t<\/div>\n\t\t<\/section>\n\t\t\t\t<section class=\"elementor-section elementor-top-section elementor-element elementor-element-338b9ba elementor-section-full_width elementor-section-content-middle elementor-reverse-tablet elementor-reverse-mobile elementor-section-height-default elementor-section-height-default\" data-id=\"338b9ba\" data-element_type=\"section\" data-settings=\"{&quot;background_background&quot;:&quot;classic&quot;,&quot;shape_divider_top&quot;:&quot;opacity-tilt&quot;}\">\n\t\t\t\t\t<div class=\"elementor-shape elementor-shape-top\" data-negative=\"false\">\n\t\t\t<svg xmlns=\"http:\/\/www.w3.org\/2000\/svg\" viewBox=\"0 0 2600 131.1\" preserveAspectRatio=\"none\">\n\t<path class=\"elementor-shape-fill\" d=\"M0 0L2600 0 2600 69.1 0 0z\"\/>\n\t<path class=\"elementor-shape-fill\" style=\"opacity:0.5\" d=\"M0 0L2600 0 2600 69.1 0 69.1z\"\/>\n\t<path class=\"elementor-shape-fill\" style=\"opacity:0.25\" d=\"M2600 0L0 0 0 130.1 2600 69.1z\"\/>\n<\/svg>\t\t<\/div>\n\t\t\t\t\t<div class=\"elementor-container elementor-column-gap-no\">\n\t\t\t\t\t<div class=\"elementor-column elementor-col-100 elementor-top-column elementor-element elementor-element-da47a21\" data-id=\"da47a21\" data-element_type=\"column\">\n\t\t\t<div class=\"elementor-widget-wrap elementor-element-populated\">\n\t\t\t\t\t\t<div class=\"elementor-element elementor-element-aba42a8 elementor-widget elementor-widget-spacer\" data-id=\"aba42a8\" data-element_type=\"widget\" data-widget_type=\"spacer.default\">\n\t\t\t\t\t\t\t<div class=\"elementor-spacer\">\n\t\t\t<div class=\"elementor-spacer-inner\"><\/div>\n\t\t<\/div>\n\t\t\t\t\t\t<\/div>\n\t\t\t\t\t<\/div>\n\t\t<\/div>\n\t\t\t\t\t<\/div>\n\t\t<\/section>\n\t\t\t\t<\/div>\n\t\t","protected":false},"excerpt":{"rendered":"<p>TesouraCorte de seda Beleza, cosm\u00e9tica e cuidados pessoais Tijera Silkcut Potente afilado de hoja convexa: Borde de hoja ultra-afilada a mano para un corte sin esfuerzo. Aleaci\u00f3n de acero reforzado paramayor resistencia. HRC 61 Micro rueda de tensi\u00f3n: Resorte en ballesta con marcas en el disco para una precisi\u00f3n de la tensi\u00f3n adicional. Mango ergon\u00f3mico: [&hellip;]<\/p>\n","protected":false},"author":1,"featured_media":0,"parent":0,"menu_order":0,"comment_status":"closed","ping_status":"closed","template":"elementor_header_footer","meta":{"footnotes":""},"class_list":["post-1981","page","type-page","status-publish","hentry"],"yoast_head":"<!-- This site is optimized with the Yoast SEO plugin v25.1 - https:\/\/yoast.com\/wordpress\/plugins\/seo\/ -->\n<title>Tesoura de corte de seda - Selekta<\/title>\n<meta name=\"description\" content=\"Selekta - Importador oficial de Olivia Garden Espanha e Portugal - Conhe\u00e7a as tesouras Silkcut, as nossas tesouras XL e para canhotos.\" \/>\n<meta name=\"robots\" content=\"index, follow, max-snippet:-1, max-image-preview:large, max-video-preview:-1\" \/>\n<link rel=\"canonical\" href=\"https:\/\/selekta.es\/pt-pt\/tesoura-de-corte-de-seda-6\/\" \/>\n<meta property=\"og:locale\" content=\"pt_PT\" \/>\n<meta property=\"og:type\" content=\"article\" \/>\n<meta property=\"og:title\" content=\"Tesoura de corte de seda - Selekta\" \/>\n<meta property=\"og:description\" content=\"Selekta - Importador oficial de Olivia Garden Espanha e Portugal - Conhe\u00e7a as tesouras Silkcut, as nossas tesouras XL e para canhotos.\" \/>\n<meta property=\"og:url\" content=\"https:\/\/selekta.es\/pt-pt\/tesoura-de-corte-de-seda-6\/\" \/>\n<meta property=\"og:site_name\" content=\"Selekta\" \/>\n<meta property=\"article:publisher\" content=\"https:\/\/www.instagram.com\/selekta_hair_tools\/\" \/>\n<meta property=\"article:modified_time\" content=\"2024-07-01T09:30:57+00:00\" \/>\n<meta property=\"og:image\" content=\"https:\/\/selekta.es\/wp-content\/uploads\/2023\/07\/selekta_peluqueria_cosmetica_materiales_beleza_madrid-espana_banner-tijeras-producto-silkcut.png\" \/>\n<meta name=\"twitter:card\" content=\"summary_large_image\" \/>\n<meta name=\"twitter:label1\" content=\"Tempo estimado de leitura\" \/>\n\t<meta name=\"twitter:data1\" content=\"1 minuto\" \/>\n<script type=\"application\/ld+json\" class=\"yoast-schema-graph\">{\"@context\":\"https:\/\/schema.org\",\"@graph\":[{\"@type\":\"WebPage\",\"@id\":\"https:\/\/selekta.es\/pt-pt\/tesoura-de-corte-de-seda-6\/\",\"url\":\"https:\/\/selekta.es\/pt-pt\/tesoura-de-corte-de-seda-6\/\",\"name\":\"Tesoura de corte de seda - Selekta\",\"isPartOf\":{\"@id\":\"https:\/\/selekta.es\/pt-pt\/#website\"},\"primaryImageOfPage\":{\"@id\":\"https:\/\/selekta.es\/pt-pt\/tesoura-de-corte-de-seda-6\/#primaryimage\"},\"image\":{\"@id\":\"https:\/\/selekta.es\/pt-pt\/tesoura-de-corte-de-seda-6\/#primaryimage\"},\"thumbnailUrl\":\"https:\/\/selekta.es\/wp-content\/uploads\/2023\/07\/selekta_peluqueria_cosmetica_materiales_beleza_madrid-espana_banner-tijeras-producto-silkcut.png\",\"datePublished\":\"2024-07-01T09:29:07+00:00\",\"dateModified\":\"2024-07-01T09:30:57+00:00\",\"description\":\"Selekta - Importador oficial de Olivia Garden Espanha e Portugal - Conhe\u00e7a as tesouras Silkcut, as nossas tesouras XL e para canhotos.\",\"breadcrumb\":{\"@id\":\"https:\/\/selekta.es\/pt-pt\/tesoura-de-corte-de-seda-6\/#breadcrumb\"},\"inLanguage\":\"pt-PT\",\"potentialAction\":[{\"@type\":\"ReadAction\",\"target\":[\"https:\/\/selekta.es\/pt-pt\/tesoura-de-corte-de-seda-6\/\"]}]},{\"@type\":\"ImageObject\",\"inLanguage\":\"pt-PT\",\"@id\":\"https:\/\/selekta.es\/pt-pt\/tesoura-de-corte-de-seda-6\/#primaryimage\",\"url\":\"https:\/\/selekta.es\/wp-content\/uploads\/2023\/07\/selekta_peluqueria_cosmetica_materiales_beleza_madrid-espana_banner-tijeras-producto-silkcut.png\",\"contentUrl\":\"https:\/\/selekta.es\/wp-content\/uploads\/2023\/07\/selekta_peluqueria_cosmetica_materiales_beleza_madrid-espana_banner-tijeras-producto-silkcut.png\"},{\"@type\":\"BreadcrumbList\",\"@id\":\"https:\/\/selekta.es\/pt-pt\/tesoura-de-corte-de-seda-6\/#breadcrumb\",\"itemListElement\":[{\"@type\":\"ListItem\",\"position\":1,\"name\":\"Portada\",\"item\":\"https:\/\/selekta.es\/pt-pt\/\"},{\"@type\":\"ListItem\",\"position\":2,\"name\":\"Tesoura de corte de seda\"}]},{\"@type\":\"WebSite\",\"@id\":\"https:\/\/selekta.es\/pt-pt\/#website\",\"url\":\"https:\/\/selekta.es\/pt-pt\/\",\"name\":\"Selekta\",\"description\":\"Selekta Hair Tools\",\"publisher\":{\"@id\":\"https:\/\/selekta.es\/pt-pt\/#organization\"},\"potentialAction\":[{\"@type\":\"SearchAction\",\"target\":{\"@type\":\"EntryPoint\",\"urlTemplate\":\"https:\/\/selekta.es\/pt-pt\/?s={search_term_string}\"},\"query-input\":{\"@type\":\"PropertyValueSpecification\",\"valueRequired\":true,\"valueName\":\"search_term_string\"}}],\"inLanguage\":\"pt-PT\"},{\"@type\":\"Organization\",\"@id\":\"https:\/\/selekta.es\/pt-pt\/#organization\",\"name\":\"Selekta\",\"url\":\"https:\/\/selekta.es\/pt-pt\/\",\"logo\":{\"@type\":\"ImageObject\",\"inLanguage\":\"pt-PT\",\"@id\":\"https:\/\/selekta.es\/pt-pt\/#\/schema\/logo\/image\/\",\"url\":\"https:\/\/selekta.es\/wp-content\/uploads\/2023\/07\/selekta_peluqueria_cosmetica_materiales_beleza_madrid-espana_logo-transparente-negro-alta.png\",\"contentUrl\":\"https:\/\/selekta.es\/wp-content\/uploads\/2023\/07\/selekta_peluqueria_cosmetica_materiales_beleza_madrid-espana_logo-transparente-negro-alta.png\",\"width\":1920,\"height\":275,\"caption\":\"Selekta\"},\"image\":{\"@id\":\"https:\/\/selekta.es\/pt-pt\/#\/schema\/logo\/image\/\"},\"sameAs\":[\"https:\/\/www.instagram.com\/selekta_hair_tools\/\",\"https:\/\/es.pinterest.com\/SelektaHairAndBeauty\/\"]}]}<\/script>\n<!-- \/ Yoast SEO plugin. -->","yoast_head_json":{"title":"Tesoura de corte de seda - Selekta","description":"Selekta - Importador oficial de Olivia Garden Espanha e Portugal - Conhe\u00e7a as tesouras Silkcut, as nossas tesouras XL e para canhotos.","robots":{"index":"index","follow":"follow","max-snippet":"max-snippet:-1","max-image-preview":"max-image-preview:large","max-video-preview":"max-video-preview:-1"},"canonical":"https:\/\/selekta.es\/pt-pt\/tesoura-de-corte-de-seda-6\/","og_locale":"pt_PT","og_type":"article","og_title":"Tesoura de corte de seda - Selekta","og_description":"Selekta - Importador oficial de Olivia Garden Espanha e Portugal - Conhe\u00e7a as tesouras Silkcut, as nossas tesouras XL e para canhotos.","og_url":"https:\/\/selekta.es\/pt-pt\/tesoura-de-corte-de-seda-6\/","og_site_name":"Selekta","article_publisher":"https:\/\/www.instagram.com\/selekta_hair_tools\/","article_modified_time":"2024-07-01T09:30:57+00:00","og_image":[{"url":"https:\/\/selekta.es\/wp-content\/uploads\/2023\/07\/selekta_peluqueria_cosmetica_materiales_beleza_madrid-espana_banner-tijeras-producto-silkcut.png","type":"","width":"","height":""}],"twitter_card":"summary_large_image","twitter_misc":{"Tempo estimado de leitura":"1 minuto"},"schema":{"@context":"https:\/\/schema.org","@graph":[{"@type":"WebPage","@id":"https:\/\/selekta.es\/pt-pt\/tesoura-de-corte-de-seda-6\/","url":"https:\/\/selekta.es\/pt-pt\/tesoura-de-corte-de-seda-6\/","name":"Tesoura de corte de seda - Selekta","isPartOf":{"@id":"https:\/\/selekta.es\/pt-pt\/#website"},"primaryImageOfPage":{"@id":"https:\/\/selekta.es\/pt-pt\/tesoura-de-corte-de-seda-6\/#primaryimage"},"image":{"@id":"https:\/\/selekta.es\/pt-pt\/tesoura-de-corte-de-seda-6\/#primaryimage"},"thumbnailUrl":"https:\/\/selekta.es\/wp-content\/uploads\/2023\/07\/selekta_peluqueria_cosmetica_materiales_beleza_madrid-espana_banner-tijeras-producto-silkcut.png","datePublished":"2024-07-01T09:29:07+00:00","dateModified":"2024-07-01T09:30:57+00:00","description":"Selekta - Importador oficial de Olivia Garden Espanha e Portugal - Conhe\u00e7a as tesouras Silkcut, as nossas tesouras XL e para canhotos.","breadcrumb":{"@id":"https:\/\/selekta.es\/pt-pt\/tesoura-de-corte-de-seda-6\/#breadcrumb"},"inLanguage":"pt-PT","potentialAction":[{"@type":"ReadAction","target":["https:\/\/selekta.es\/pt-pt\/tesoura-de-corte-de-seda-6\/"]}]},{"@type":"ImageObject","inLanguage":"pt-PT","@id":"https:\/\/selekta.es\/pt-pt\/tesoura-de-corte-de-seda-6\/#primaryimage","url":"https:\/\/selekta.es\/wp-content\/uploads\/2023\/07\/selekta_peluqueria_cosmetica_materiales_beleza_madrid-espana_banner-tijeras-producto-silkcut.png","contentUrl":"https:\/\/selekta.es\/wp-content\/uploads\/2023\/07\/selekta_peluqueria_cosmetica_materiales_beleza_madrid-espana_banner-tijeras-producto-silkcut.png"},{"@type":"BreadcrumbList","@id":"https:\/\/selekta.es\/pt-pt\/tesoura-de-corte-de-seda-6\/#breadcrumb","itemListElement":[{"@type":"ListItem","position":1,"name":"Portada","item":"https:\/\/selekta.es\/pt-pt\/"},{"@type":"ListItem","position":2,"name":"Tesoura de corte de seda"}]},{"@type":"WebSite","@id":"https:\/\/selekta.es\/pt-pt\/#website","url":"https:\/\/selekta.es\/pt-pt\/","name":"Selekta","description":"Selekta Hair Tools","publisher":{"@id":"https:\/\/selekta.es\/pt-pt\/#organization"},"potentialAction":[{"@type":"SearchAction","target":{"@type":"EntryPoint","urlTemplate":"https:\/\/selekta.es\/pt-pt\/?s={search_term_string}"},"query-input":{"@type":"PropertyValueSpecification","valueRequired":true,"valueName":"search_term_string"}}],"inLanguage":"pt-PT"},{"@type":"Organization","@id":"https:\/\/selekta.es\/pt-pt\/#organization","name":"Selekta","url":"https:\/\/selekta.es\/pt-pt\/","logo":{"@type":"ImageObject","inLanguage":"pt-PT","@id":"https:\/\/selekta.es\/pt-pt\/#\/schema\/logo\/image\/","url":"https:\/\/selekta.es\/wp-content\/uploads\/2023\/07\/selekta_peluqueria_cosmetica_materiales_beleza_madrid-espana_logo-transparente-negro-alta.png","contentUrl":"https:\/\/selekta.es\/wp-content\/uploads\/2023\/07\/selekta_peluqueria_cosmetica_materiales_beleza_madrid-espana_logo-transparente-negro-alta.png","width":1920,"height":275,"caption":"Selekta"},"image":{"@id":"https:\/\/selekta.es\/pt-pt\/#\/schema\/logo\/image\/"},"sameAs":["https:\/\/www.instagram.com\/selekta_hair_tools\/","https:\/\/es.pinterest.com\/SelektaHairAndBeauty\/"]}]}},"_links":{"self":[{"href":"https:\/\/selekta.es\/pt-pt\/wp-json\/wp\/v2\/pages\/1981","targetHints":{"allow":["GET"]}}],"collection":[{"href":"https:\/\/selekta.es\/pt-pt\/wp-json\/wp\/v2\/pages"}],"about":[{"href":"https:\/\/selekta.es\/pt-pt\/wp-json\/wp\/v2\/types\/page"}],"author":[{"embeddable":true,"href":"https:\/\/selekta.es\/pt-pt\/wp-json\/wp\/v2\/users\/1"}],"replies":[{"embeddable":true,"href":"https:\/\/selekta.es\/pt-pt\/wp-json\/wp\/v2\/comments?post=1981"}],"version-history":[{"count":2,"href":"https:\/\/selekta.es\/pt-pt\/wp-json\/wp\/v2\/pages\/1981\/revisions"}],"predecessor-version":[{"id":2057,"href":"https:\/\/selekta.es\/pt-pt\/wp-json\/wp\/v2\/pages\/1981\/revisions\/2057"}],"wp:attachment":[{"href":"https:\/\/selekta.es\/pt-pt\/wp-json\/wp\/v2\/media?parent=1981"}],"curies":[{"name":"wp","href":"https:\/\/api.w.org\/{rel}","templated":true}]}}